{"id":242,"date":"2023-03-17T07:27:20","date_gmt":"2023-03-17T07:27:20","guid":{"rendered":"https:\/\/vailhorses.com\/privacy-policy\/"},"modified":"2023-03-21T14:34:34","modified_gmt":"2023-03-21T14:34:34","slug":"privacy-policy","status":"publish","type":"page","link":"https:\/\/vailhorses.com\/tr\/privacy-policy\/","title":{"rendered":"Gizlilik Politikas\u0131"},"content":{"rendered":"<p><span style=\"vertical-align: inherit;\"><span class=\"\" style=\"vertical-align: inherit;\">Gizlilik Politikas\u0131<\/span><\/span><\/p>\n<p><span style=\"vertical-align: inherit;\"><span style=\"vertical-align: inherit;\">\u00d6zel bilgilerinizin korunmas\u0131 \u00f6nceli\u011fimizdir. <\/span><span style=\"vertical-align: inherit;\">Bu Gizlilik Bildirimi, Vailhorses.com i\u00e7in ge\u00e7erlidir ve veri toplama ve kullan\u0131m\u0131n\u0131 y\u00f6netir. <\/span><span style=\"vertical-align: inherit;\">Vailhorses.com, sat\u0131l\u0131k atlar, eyerler, r\u00f6morklar ve di\u011fer at \u00fcr\u00fcnleri i\u00e7in \u00e7evrimi\u00e7i bir pazar yeridir. <\/span><span style=\"vertical-align: inherit;\">Vailhorses.com&#8217;u kullanarak, bu bildirimde a\u00e7\u0131klanan veri uygulamalar\u0131n\u0131 kabul etmi\u015f olursunuz.<\/span><\/span><\/p>\n<p><span style=\"vertical-align: inherit;\"><span style=\"vertical-align: inherit;\">K\u0130\u015e\u0130SEL B\u0130LG\u0130LER\u0130N\u0130Z\u0130N TOPLANMASI<\/span><\/span><\/p>\n<p><span style=\"vertical-align: inherit;\"><span style=\"vertical-align: inherit;\">Ki\u015fisel olarak tan\u0131mlanabilir bilgileri veya ki\u015fisel olarak hassas verileri Vailhorses.com&#8217;un ileti\u015fim bilgileri formunda do\u011frudan if\u015fa ederseniz, bu bilgilerin ba\u015fkalar\u0131 taraf\u0131ndan toplanabilece\u011fini ve kullan\u0131labilece\u011fini l\u00fctfen unutmay\u0131n.<\/span><\/span><\/p>\n<p><span style=\"vertical-align: inherit;\"><span style=\"vertical-align: inherit;\">Bize g\u00f6n\u00fcll\u00fc olarak sa\u011flamad\u0131\u011f\u0131n\u0131z s\u00fcrece, hakk\u0131n\u0131zda herhangi bir ki\u015fisel bilgi toplam\u0131yoruz. <\/span><span style=\"vertical-align: inherit;\">Ancak, belirli hizmetleri kullanmay\u0131 se\u00e7ti\u011finizde bize belirli ki\u015fisel bilgileri vermeniz gerekebilir. <\/span><span style=\"vertical-align: inherit;\">Bunlar \u015funlar\u0131 i\u00e7erebilir:<\/span><\/span><\/p>\n<ul>\n<li><span style=\"vertical-align: inherit;\"><span style=\"vertical-align: inherit;\">bir hesap i\u00e7in kaydolma;<\/span><\/span><\/li>\n<li><span style=\"vertical-align: inherit;\"><span style=\"vertical-align: inherit;\">bize bir e-posta mesaj\u0131 g\u00f6nderiyor. <\/span><span style=\"vertical-align: inherit;\">Yani, bilgilerinizi bizden talep etti\u011finiz hizmetlerle ilgili olarak sizinle ileti\u015fim kurmak i\u00e7in ancak bunlarla s\u0131n\u0131rl\u0131 olmamak \u00fczere kullanaca\u011f\u0131z. <\/span><span style=\"vertical-align: inherit;\">Gelecekte ki\u015fisel veya ki\u015fisel olmayan ek bilgiler de toplayabiliriz.<\/span><\/span><\/li>\n<\/ul>\n<p><span style=\"vertical-align: inherit;\"><span style=\"vertical-align: inherit;\">\u00dc\u00c7\u00dcNC\u00dc TARAFLARLA B\u0130LG\u0130 PAYLA\u015eIMI<\/span><\/span><\/p>\n<p><span style=\"vertical-align: inherit;\"><span style=\"vertical-align: inherit;\">Vailhorses.com\u00a0 <\/span><span style=\"vertical-align: inherit;\">\u00a0m\u00fc\u015fteri listelerini \u00fc\u00e7\u00fcnc\u00fc \u015fah\u0131slara satmaz, kiralamaz veya kiralamaz <\/span><\/span><u><span style=\"vertical-align: inherit;\"><span style=\"vertical-align: inherit;\">.<\/span><\/span><\/u><\/p>\n<p><span style=\"vertical-align: inherit;\"><span style=\"vertical-align: inherit;\">Vailhorses.com, istatistiksel analiz ger\u00e7ekle\u015ftirmeye yard\u0131mc\u0131 olmak i\u00e7in verileri g\u00fcvenilir ortaklarla payla\u015fabilir. <\/span><span style=\"vertical-align: inherit;\">T\u00fcm bu t\u00fcr \u00fc\u00e7\u00fcnc\u00fc taraflar\u0131n ki\u015fisel bilgilerinizi Vailhorses.com&#8217;a bu hizmetleri sa\u011flamak d\u0131\u015f\u0131nda kullanmas\u0131 yasakt\u0131r ve bilgilerinizin gizlili\u011fini korumakla y\u00fck\u00fcml\u00fcd\u00fcrler.<\/span><\/span><\/p>\n<p><span style=\"vertical-align: inherit;\"><span style=\"vertical-align: inherit;\">Vailhorses.com, kanunen gerekli olmas\u0131 halinde veya a\u015fa\u011f\u0131dakilerin gerekli oldu\u011funa iyi niyetle inanarak ki\u015fisel bilgilerinizi \u00f6nceden bildirimde bulunmaks\u0131z\u0131n if\u015fa edebilir: (a) kanun h\u00fck\u00fcmlerine uymak veya Vailhorses&#8217;a tebli\u011f edilen yasal i\u015flemlere uymak .com; <\/span><span style=\"vertical-align: inherit;\">(b) Vailhorses.com&#8217;un haklar\u0131n\u0131 veya m\u00fclkiyetini korumak ve savunmak; <\/span><span style=\"vertical-align: inherit;\">ve\/veya (c) Vailhorses.com kullan\u0131c\u0131lar\u0131n\u0131n veya kamunun ki\u015fisel g\u00fcvenli\u011fini korumak i\u00e7in zorunlu ko\u015fullar alt\u0131nda hareket etmek.<\/span><\/span><\/p>\n<p><span style=\"vertical-align: inherit;\"><span style=\"vertical-align: inherit;\">OTOMAT\u0130K OLARAK TOPLANAN B\u0130LG\u0130LER<\/span><\/span><\/p>\n<p><span style=\"vertical-align: inherit;\"><span style=\"vertical-align: inherit;\">Bilgisayar\u0131n\u0131z\u0131n donan\u0131m\u0131 ve yaz\u0131l\u0131m\u0131 ile ilgili bilgiler Vailhorses.com taraf\u0131ndan otomatik olarak toplanabilir. <\/span><span style=\"vertical-align: inherit;\">Bu bilgiler \u015funlar\u0131 i\u00e7erebilir: IP adresiniz, taray\u0131c\u0131 t\u00fcr\u00fcn\u00fcz, alan adlar\u0131n\u0131z, eri\u015fim s\u00fcreleriniz ve y\u00f6nlendiren web sitesi adresleri. <\/span><span style=\"vertical-align: inherit;\">Bu bilgiler, hizmetin i\u015fletilmesi, hizmetin kalitesinin korunmas\u0131 ve Vailhorses.com&#8217;un kullan\u0131m\u0131na ili\u015fkin genel istatistiklerin sa\u011flanmas\u0131 i\u00e7in kullan\u0131l\u0131r.<\/span><\/span><\/p>\n<p><span style=\"vertical-align: inherit;\"><span style=\"vertical-align: inherit;\">\u00c7EREZ KULLANIMI<\/span><\/span><\/p>\n<p><span style=\"vertical-align: inherit;\"><span style=\"vertical-align: inherit;\">Vailhorses.com, \u00e7evrimi\u00e7i deneyiminizi ki\u015fiselle\u015ftirmenize yard\u0131mc\u0131 olmak i\u00e7in &#8220;\u00e7erezler&#8221; kullanabilir. <\/span><span style=\"vertical-align: inherit;\">Tan\u0131mlama bilgisi, bir web sayfas\u0131 sunucusu taraf\u0131ndan sabit diskinize yerle\u015ftirilen bir metin dosyas\u0131d\u0131r. <\/span><span style=\"vertical-align: inherit;\">Tan\u0131mlama bilgileri, programlar\u0131 \u00e7al\u0131\u015ft\u0131rmak veya bilgisayar\u0131n\u0131za vir\u00fcs bula\u015ft\u0131rmak i\u00e7in kullan\u0131lamaz. <\/span><span style=\"vertical-align: inherit;\">Tan\u0131mlama bilgileri size \u00f6zel olarak atan\u0131r ve yaln\u0131zca tan\u0131mlama bilgisini size yay\u0131nlayan etki alan\u0131ndaki bir web sunucusu taraf\u0131ndan okunabilir.<\/span><\/span><\/p>\n<p><span style=\"vertical-align: inherit;\"><span style=\"vertical-align: inherit;\">\u00c7erezlerin birincil ama\u00e7lar\u0131ndan biri, size zaman kazand\u0131racak bir kolayl\u0131k \u00f6zelli\u011fi sa\u011flamakt\u0131r. <\/span><span style=\"vertical-align: inherit;\">Tan\u0131mlama bilgisinin amac\u0131, web sunucusuna belirli bir sayfaya d\u00f6nd\u00fc\u011f\u00fcn\u00fcz\u00fc bildirmektir. <\/span><span style=\"vertical-align: inherit;\">\u00d6rne\u011fin, Vailhorses.com sayfalar\u0131n\u0131 ki\u015fiselle\u015ftirirseniz veya Vailhorses.com&#8217;a kaydolursan\u0131z, bir tan\u0131mlama bilgisi Vailhorses.com&#8217;un sonraki ziyaretlerinizde size \u00f6zel bilgileri hat\u0131rlamas\u0131na yard\u0131mc\u0131 olur. <\/span><span style=\"vertical-align: inherit;\">Bu, adlar, telefon numaralar\u0131 vb. gibi ki\u015fisel bilgilerinizi kaydetme s\u00fcrecini basitle\u015ftirir. <\/span><span style=\"vertical-align: inherit;\">Vailhorses.com&#8217;a geri d\u00f6nd\u00fc\u011f\u00fcn\u00fczde, daha \u00f6nce verdi\u011finiz bilgiler al\u0131nabilir, b\u00f6ylece \u00f6zelle\u015ftirdi\u011finiz Vailhorses.com \u00f6zelliklerini kolayca kullanabilirsiniz.<\/span><\/span><\/p>\n<p><span style=\"vertical-align: inherit;\"><span style=\"vertical-align: inherit;\">\u00c7erezleri kabul etme veya reddetme olana\u011f\u0131na sahipsiniz. <\/span><span style=\"vertical-align: inherit;\">\u00c7o\u011fu web taray\u0131c\u0131s\u0131 tan\u0131mlama bilgilerini otomatik olarak kabul eder, ancak isterseniz genellikle taray\u0131c\u0131 ayar\u0131n\u0131z\u0131 tan\u0131mlama bilgilerini reddedecek \u015fekilde de\u011fi\u015ftirebilirsiniz. <\/span><span style=\"vertical-align: inherit;\">\u00c7erezleri reddetmeyi se\u00e7erseniz, ziyaret etti\u011finiz Vailhorses.com hizmetlerinin veya web sitelerinin etkile\u015fimli \u00f6zelliklerini tam olarak deneyimleyemeyebilirsiniz.<\/span><\/span><\/p>\n<p><span style=\"vertical-align: inherit;\"><span style=\"vertical-align: inherit;\">BA\u011eLANTILAR<\/span><\/span><\/p>\n<p><span style=\"vertical-align: inherit;\"><span style=\"vertical-align: inherit;\">Bu web sitesi di\u011fer sitelere ba\u011flant\u0131lar i\u00e7ermektedir. <\/span><span style=\"vertical-align: inherit;\">L\u00fctfen bu t\u00fcr di\u011fer sitelerin i\u00e7eri\u011finden veya gizlilik uygulamalar\u0131ndan sorumlu olmad\u0131\u011f\u0131m\u0131z\u0131 unutmay\u0131n. <\/span><span style=\"vertical-align: inherit;\">Kullan\u0131c\u0131lar\u0131m\u0131z\u0131 sitemizden ayr\u0131ld\u0131klar\u0131nda bunun fark\u0131nda olmaya ve ki\u015fisel olarak tan\u0131mlanabilir bilgiler toplayan di\u011fer sitelerin gizlilik bildirimlerini okumaya te\u015fvik ediyoruz.<\/span><\/span><\/p>\n<p><span style=\"vertical-align: inherit;\"><span style=\"vertical-align: inherit;\">K\u0130\u015e\u0130SEL B\u0130LG\u0130LER\u0130N\u0130Z\u0130N G\u00dcVENL\u0130\u011e\u0130<\/span><\/span><\/p>\n<p><span style=\"vertical-align: inherit;\"><span style=\"vertical-align: inherit;\">Vailhorses.com, ki\u015fisel bilgilerinizi yetkisiz eri\u015fim, kullan\u0131m veya if\u015fadan korur. <\/span><span style=\"vertical-align: inherit;\">Vailhorses.com bu ama\u00e7la SSL protokol\u00fcn\u00fc kullanmaktad\u0131r.<\/span><\/span><\/p>\n<p><span style=\"vertical-align: inherit;\"><span style=\"vertical-align: inherit;\">Ki\u015fisel bilgiler di\u011fer web sitelerine iletildi\u011finde, G\u00fcvenli Yuva Katman\u0131 (SSL) Protokol\u00fc gibi \u015fifreleme kullan\u0131larak korunur.<\/span><\/span><\/p>\n<p><span style=\"vertical-align: inherit;\"><span style=\"vertical-align: inherit;\">Ki\u015fisel bilgilerinize yetkisiz eri\u015fime veya bunlar\u0131n de\u011fi\u015ftirilmesine kar\u015f\u0131 koruma sa\u011flamak i\u00e7in uygun g\u00fcvenlik \u00f6nlemlerini almaya \u00e7al\u0131\u015f\u0131yoruz. <\/span><span style=\"vertical-align: inherit;\">Ne yaz\u0131k ki, internet veya herhangi bir kablosuz a\u011f \u00fczerinden yap\u0131lan hi\u00e7bir veri aktar\u0131m\u0131n\u0131n %100 g\u00fcvenli oldu\u011fu garanti edilemez. <\/span><span style=\"vertical-align: inherit;\">Sonu\u00e7 olarak, biz ki\u015fisel bilgilerinizi korumaya \u00e7al\u0131\u015f\u0131rken, \u015funlar\u0131 kabul etmektesiniz: (a) internete \u00f6zg\u00fc ve kontrol\u00fcm\u00fcz d\u0131\u015f\u0131nda olan g\u00fcvenlik ve gizlilik s\u0131n\u0131rlamalar\u0131 vard\u0131r; <\/span><span style=\"vertical-align: inherit;\">ve (b) bu \u200b\u200bsite arac\u0131l\u0131\u011f\u0131yla sizinle bizim aram\u0131zda de\u011fi\u015f toku\u015f edilen her t\u00fcrl\u00fc bilgi ve verinin g\u00fcvenli\u011fi, b\u00fct\u00fcnl\u00fc\u011f\u00fc ve gizlili\u011fi garanti edilemez.<\/span><\/span><\/p>\n<p><span style=\"vertical-align: inherit;\"><span style=\"vertical-align: inherit;\">S\u0130LME HAKKI<\/span><\/span><\/p>\n<p><span style=\"vertical-align: inherit;\"><span style=\"vertical-align: inherit;\">A\u015fa\u011f\u0131da belirtilen belirli istisnalara tabi olarak, sizden do\u011frulanabilir bir talep ald\u0131\u011f\u0131m\u0131zda \u015funlar\u0131 yapaca\u011f\u0131z:<\/span><\/span><\/p>\n<ul>\n<li><span style=\"vertical-align: inherit;\"><span style=\"vertical-align: inherit;\">Ki\u015fisel bilgilerinizi kay\u0131tlar\u0131m\u0131zdan silmek; <\/span><span style=\"vertical-align: inherit;\">Ve<\/span><\/span><\/li>\n<li><span style=\"vertical-align: inherit;\"><span style=\"vertical-align: inherit;\">Herhangi bir hizmet sa\u011flay\u0131c\u0131y\u0131, ki\u015fisel bilgilerinizi kay\u0131tlar\u0131ndan silmeye y\u00f6nlendirin.<\/span><\/span><\/li>\n<\/ul>\n<p><span style=\"vertical-align: inherit;\"><span style=\"vertical-align: inherit;\">A\u015fa\u011f\u0131dakilerin gerekli olmas\u0131 durumunda ki\u015fisel bilgilerinizi silme taleplerine uyamayaca\u011f\u0131m\u0131z\u0131 l\u00fctfen unutmay\u0131n:<\/span><\/span><\/p>\n<ol>\n<li><span style=\"vertical-align: inherit;\"><span style=\"vertical-align: inherit;\">Ki\u015fisel bilgilerin topland\u0131\u011f\u0131 i\u015flemi tamamlamak, yaz\u0131l\u0131 bir garantinin \u015fartlar\u0131n\u0131 yerine getirmek veya federal yasalara uygun olarak \u00fcr\u00fcn geri \u00e7a\u011f\u0131rmak, taraf\u0131n\u0131zca talep edilen veya sizinle devam eden i\u015f ili\u015fkimiz ba\u011flam\u0131nda makul olarak beklenen bir mal veya hizmeti sa\u011flamak veya ba\u015fka bir \u015fekilde sizinle bizim aram\u0131zda bir s\u00f6zle\u015fme yapmak;<\/span><\/span><\/li>\n<li><span style=\"vertical-align: inherit;\"><span style=\"vertical-align: inherit;\">G\u00fcvenlik olaylar\u0131n\u0131 tespit edin, k\u00f6t\u00fc niyetli, aldat\u0131c\u0131, hileli veya yasa d\u0131\u015f\u0131 faaliyetlere kar\u015f\u0131 koruma sa\u011flay\u0131n veya bu faaliyetlerden sorumlu olanlar\u0131 kovu\u015fturun;<\/span><\/span><\/li>\n<li><span style=\"vertical-align: inherit;\"><span style=\"vertical-align: inherit;\">Mevcut ama\u00e7lanan i\u015flevselli\u011fi bozan hatalar\u0131 belirlemek ve onarmak i\u00e7in hata ay\u0131klay\u0131n;<\/span><\/span><\/li>\n<li><span style=\"vertical-align: inherit;\"><span style=\"vertical-align: inherit;\">\u0130fade \u00f6zg\u00fcrl\u00fc\u011f\u00fcn\u00fc kullanmak, ba\u015fka bir t\u00fcketicinin kendi ifade \u00f6zg\u00fcrl\u00fc\u011f\u00fcn\u00fc kullanma hakk\u0131n\u0131 sa\u011flamak veya kanunla sa\u011flanan ba\u015fka bir hakk\u0131 kullanmak;<\/span><\/span><\/li>\n<li><span style=\"vertical-align: inherit;\"><span style=\"vertical-align: inherit;\">California Elektronik \u0130leti\u015fim Gizlilik Yasas\u0131na uyun;<\/span><\/span><\/li>\n<li><span style=\"vertical-align: inherit;\"><span style=\"vertical-align: inherit;\">Bilgileri silmemizin bu t\u00fcr bir ara\u015ft\u0131rman\u0131n ba\u015far\u0131s\u0131n\u0131 imkans\u0131z hale getirmesi veya ciddi \u015fekilde etkilemesi muhtemel oldu\u011funda, di\u011fer t\u00fcm ge\u00e7erli etik ve gizlilik yasalar\u0131na uyan kamu yarar\u0131na kamu yarar\u0131na kamuya a\u00e7\u0131k veya hakemli bilimsel, tarihsel veya istatistiksel ara\u015ft\u0131rmalara kat\u0131l\u0131n. bilgilendirilmi\u015f onay\u0131n\u0131z\u0131 ald\u0131k;<\/span><\/span><\/li>\n<li><span style=\"vertical-align: inherit;\"><span style=\"vertical-align: inherit;\">Bizimle olan ili\u015fkinize dayal\u0131 olarak beklentilerinizle makul \u00f6l\u00e7\u00fcde uyumlu olan yaln\u0131zca dahili kullan\u0131mlar\u0131 etkinle\u015ftirin;<\/span><\/span><\/li>\n<li><span style=\"vertical-align: inherit;\"><span style=\"vertical-align: inherit;\">Mevcut bir yasal y\u00fck\u00fcml\u00fcl\u00fc\u011fe uymak; <\/span><span style=\"vertical-align: inherit;\">veya<\/span><\/span><\/li>\n<li><span style=\"vertical-align: inherit;\"><span style=\"vertical-align: inherit;\">Aksi takdirde, ki\u015fisel bilgilerinizi dahili olarak, bilgileri sa\u011flad\u0131\u011f\u0131n\u0131z ba\u011flamla uyumlu yasal bir \u015fekilde kullan\u0131n.<\/span><\/span><\/li>\n<\/ol>\n<p><span style=\"vertical-align: inherit;\"><span style=\"vertical-align: inherit;\">ON \u00dc\u00c7 YA\u015eINDAN K\u00dc\u00c7\u00dcK \u00c7OCUKLAR<\/span><\/span><\/p>\n<p><span style=\"vertical-align: inherit;\"><span style=\"vertical-align: inherit;\">Vailhorses.com, on \u00fc\u00e7 ya\u015f\u0131n alt\u0131ndaki \u00e7ocuklardan ki\u015fisel olarak tan\u0131mlanabilir bilgileri bilerek toplamaz. <\/span><span style=\"vertical-align: inherit;\">On \u00fc\u00e7 ya\u015f\u0131n alt\u0131ndaysan\u0131z, bu web sitesini kullanmak i\u00e7in ebeveyninizden veya velinizden izin almal\u0131s\u0131n\u0131z.<\/span><\/span><\/p>\n<p><span style=\"vertical-align: inherit;\"><span style=\"vertical-align: inherit;\">BU BEYANDAK\u0130 DE\u011e\u0130\u015e\u0130KL\u0130KLER<\/span><\/span><\/p>\n<p><span style=\"vertical-align: inherit;\"><span style=\"vertical-align: inherit;\">Vailhorses.com bu gizlilik politikas\u0131n\u0131 zaman zaman de\u011fi\u015ftirme hakk\u0131n\u0131 sakl\u0131 tutar. <\/span><span style=\"vertical-align: inherit;\">Hesab\u0131n\u0131zda belirtilen birincil e-posta adresine bir bildirim g\u00f6ndererek, web sitemize belirgin bir bildirim yerle\u015ftirerek ve\/veya herhangi bir gizlilik bilgisini g\u00fcncelleyerek, ki\u015fisel bilgileri ele alma \u015feklimizdeki \u00f6nemli de\u011fi\u015fiklikleri size bildirece\u011fiz. <\/span><span style=\"vertical-align: inherit;\">Bu t\u00fcr de\u011fi\u015fikliklerden sonra web sitesini ve\/veya mevcut hizmetleri kullanmaya devam etmeniz: (a) de\u011fi\u015ftirilen gizlilik politikas\u0131n\u0131 kabul etti\u011finizi; <\/span><span style=\"vertical-align: inherit;\">ve (b) bu \u200b\u200bpolitikaya uymay\u0131 ve bu politikaya ba\u011fl\u0131 olmay\u0131 kabul etmek.<\/span><\/span><\/p>\n<p><span style=\"vertical-align: inherit;\"><span style=\"vertical-align: inherit;\">\u0130LET\u0130\u015e\u0130M B\u0130LG\u0130LER\u0130<\/span><\/span><\/p>\n<p><span style=\"vertical-align: inherit;\"><span style=\"vertical-align: inherit;\">Vailhorses.com, bu Gizlilik Bildirimi ile ilgili sorular\u0131n\u0131z\u0131 veya yorumlar\u0131n\u0131z\u0131 memnuniyetle kar\u015f\u0131lar. <\/span><span style=\"vertical-align: inherit;\">Vailhorses.com&#8217;un bu beyana uymad\u0131\u011f\u0131n\u0131 d\u00fc\u015f\u00fcn\u00fcyorsan\u0131z, l\u00fctfen Vailhorses.com \/ horsesvail@gmail.com ile ileti\u015fime ge\u00e7in.<\/span><\/span><\/p>\n<p>&nbsp;<\/p>\n<p><em><span style=\"vertical-align: inherit;\"><span style=\"vertical-align: inherit;\">8 Ekim 2022 tarihinden itibaren ge\u00e7erlidir<\/span><\/span><\/em><\/p>\n<p>&nbsp;<\/p>\n","protected":false},"excerpt":{"rendered":"<p>Gizlilik Politikas\u0131 \u00d6zel bilgilerinizin korunmas\u0131 \u00f6nceli\u011fimizdir. Bu Gizlilik Bildirimi, Vailhorses.com i\u00e7in ge\u00e7erlidir ve veri toplama ve kullan\u0131m\u0131n\u0131 y\u00f6netir. Vailhorses.com, sat\u0131l\u0131k atlar, eyerler, r\u00f6morklar ve di\u011fer at \u00fcr\u00fcnleri i\u00e7in \u00e7evrimi\u00e7i bir pazar yeridir. Vailhorses.com&#8217;u kullanarak, bu bildirimde a\u00e7\u0131klanan veri uygulamalar\u0131n\u0131 kabul etmi\u015f olursunuz. K\u0130\u015e\u0130SEL B\u0130LG\u0130LER\u0130N\u0130Z\u0130N TOPLANMASI Ki\u015fisel olarak tan\u0131mlanabilir bilgileri veya ki\u015fisel olarak hassas verileri Vailhorses.com&#8217;un &hellip;<\/p>\n","protected":false},"author":1,"featured_media":0,"parent":0,"menu_order":0,"comment_status":"closed","ping_status":"open","template":"","meta":{"footnotes":""},"class_list":["post-242","page","type-page","status-publish","hentry"],"yoast_head":"<!-- This site is optimized with the Yoast SEO plugin v25.4 - https:\/\/yoast.com\/wordpress\/plugins\/seo\/ -->\n<title>Gizlilik Politikas\u0131 - vailhorses<\/title>\n<meta name=\"description\" content=\"Protecting your private information is our priority. This Statement of Privacy applies to Vailhorses.com and governs data collection and\" \/>\n<meta name=\"robots\" content=\"index, follow, max-snippet:-1, max-image-preview:large, max-video-preview:-1\" \/>\n<link rel=\"canonical\" href=\"https:\/\/vailhorses.com\/tr\/privacy-policy\/\" \/>\n<meta property=\"og:locale\" content=\"tr_TR\" \/>\n<meta property=\"og:type\" content=\"article\" \/>\n<meta property=\"og:title\" content=\"Gizlilik Politikas\u0131 - vailhorses\" \/>\n<meta property=\"og:description\" content=\"Protecting your private information is our priority. This Statement of Privacy applies to Vailhorses.com and governs data collection and\" \/>\n<meta property=\"og:url\" content=\"https:\/\/vailhorses.com\/tr\/privacy-policy\/\" \/>\n<meta property=\"og:site_name\" content=\"vailhorses\" \/>\n<meta property=\"article:modified_time\" content=\"2023-03-21T14:34:34+00:00\" \/>\n<meta name=\"twitter:card\" content=\"summary_large_image\" \/>\n<meta name=\"twitter:label1\" content=\"Est. reading time\" \/>\n\t<meta name=\"twitter:data1\" content=\"5 minutes\" \/>\n<script type=\"application\/ld+json\" class=\"yoast-schema-graph\">{\"@context\":\"https:\/\/schema.org\",\"@graph\":[{\"@type\":\"WebPage\",\"@id\":\"https:\/\/vailhorses.com\/tr\/privacy-policy\/\",\"url\":\"https:\/\/vailhorses.com\/tr\/privacy-policy\/\",\"name\":\"Gizlilik Politikas\u0131 - vailhorses\",\"isPartOf\":{\"@id\":\"https:\/\/vailhorses.com\/#website\"},\"datePublished\":\"2023-03-17T07:27:20+00:00\",\"dateModified\":\"2023-03-21T14:34:34+00:00\",\"description\":\"Protecting your private information is our priority. This Statement of Privacy applies to Vailhorses.com and governs data collection and\",\"breadcrumb\":{\"@id\":\"https:\/\/vailhorses.com\/tr\/privacy-policy\/#breadcrumb\"},\"inLanguage\":\"tr-TR\",\"potentialAction\":[{\"@type\":\"ReadAction\",\"target\":[\"https:\/\/vailhorses.com\/tr\/privacy-policy\/\"]}]},{\"@type\":\"BreadcrumbList\",\"@id\":\"https:\/\/vailhorses.com\/tr\/privacy-policy\/#breadcrumb\",\"itemListElement\":[{\"@type\":\"ListItem\",\"position\":1,\"name\":\"Home\",\"item\":\"https:\/\/vailhorses.com\/tr\/\"},{\"@type\":\"ListItem\",\"position\":2,\"name\":\"Gizlilik Politikas\u0131\"}]},{\"@type\":\"WebSite\",\"@id\":\"https:\/\/vailhorses.com\/#website\",\"url\":\"https:\/\/vailhorses.com\/\",\"name\":\"vailhorses\",\"description\":\"All about horses\",\"potentialAction\":[{\"@type\":\"SearchAction\",\"target\":{\"@type\":\"EntryPoint\",\"urlTemplate\":\"https:\/\/vailhorses.com\/?s={search_term_string}\"},\"query-input\":{\"@type\":\"PropertyValueSpecification\",\"valueRequired\":true,\"valueName\":\"search_term_string\"}}],\"inLanguage\":\"tr-TR\"}]}<\/script>\n<!-- \/ Yoast SEO plugin. -->","yoast_head_json":{"title":"Gizlilik Politikas\u0131 - vailhorses","description":"Protecting your private information is our priority. This Statement of Privacy applies to Vailhorses.com and governs data collection and","robots":{"index":"index","follow":"follow","max-snippet":"max-snippet:-1","max-image-preview":"max-image-preview:large","max-video-preview":"max-video-preview:-1"},"canonical":"https:\/\/vailhorses.com\/tr\/privacy-policy\/","og_locale":"tr_TR","og_type":"article","og_title":"Gizlilik Politikas\u0131 - vailhorses","og_description":"Protecting your private information is our priority. This Statement of Privacy applies to Vailhorses.com and governs data collection and","og_url":"https:\/\/vailhorses.com\/tr\/privacy-policy\/","og_site_name":"vailhorses","article_modified_time":"2023-03-21T14:34:34+00:00","twitter_card":"summary_large_image","twitter_misc":{"Est. reading time":"5 minutes"},"schema":{"@context":"https:\/\/schema.org","@graph":[{"@type":"WebPage","@id":"https:\/\/vailhorses.com\/tr\/privacy-policy\/","url":"https:\/\/vailhorses.com\/tr\/privacy-policy\/","name":"Gizlilik Politikas\u0131 - vailhorses","isPartOf":{"@id":"https:\/\/vailhorses.com\/#website"},"datePublished":"2023-03-17T07:27:20+00:00","dateModified":"2023-03-21T14:34:34+00:00","description":"Protecting your private information is our priority. This Statement of Privacy applies to Vailhorses.com and governs data collection and","breadcrumb":{"@id":"https:\/\/vailhorses.com\/tr\/privacy-policy\/#breadcrumb"},"inLanguage":"tr-TR","potentialAction":[{"@type":"ReadAction","target":["https:\/\/vailhorses.com\/tr\/privacy-policy\/"]}]},{"@type":"BreadcrumbList","@id":"https:\/\/vailhorses.com\/tr\/privacy-policy\/#breadcrumb","itemListElement":[{"@type":"ListItem","position":1,"name":"Home","item":"https:\/\/vailhorses.com\/tr\/"},{"@type":"ListItem","position":2,"name":"Gizlilik Politikas\u0131"}]},{"@type":"WebSite","@id":"https:\/\/vailhorses.com\/#website","url":"https:\/\/vailhorses.com\/","name":"vailhorses","description":"All about horses","potentialAction":[{"@type":"SearchAction","target":{"@type":"EntryPoint","urlTemplate":"https:\/\/vailhorses.com\/?s={search_term_string}"},"query-input":{"@type":"PropertyValueSpecification","valueRequired":true,"valueName":"search_term_string"}}],"inLanguage":"tr-TR"}]}},"_links":{"self":[{"href":"https:\/\/vailhorses.com\/tr\/wp-json\/wp\/v2\/pages\/242","targetHints":{"allow":["GET"]}}],"collection":[{"href":"https:\/\/vailhorses.com\/tr\/wp-json\/wp\/v2\/pages"}],"about":[{"href":"https:\/\/vailhorses.com\/tr\/wp-json\/wp\/v2\/types\/page"}],"author":[{"embeddable":true,"href":"https:\/\/vailhorses.com\/tr\/wp-json\/wp\/v2\/users\/1"}],"replies":[{"embeddable":true,"href":"https:\/\/vailhorses.com\/tr\/wp-json\/wp\/v2\/comments?post=242"}],"version-history":[{"count":2,"href":"https:\/\/vailhorses.com\/tr\/wp-json\/wp\/v2\/pages\/242\/revisions"}],"predecessor-version":[{"id":268,"href":"https:\/\/vailhorses.com\/tr\/wp-json\/wp\/v2\/pages\/242\/revisions\/268"}],"wp:attachment":[{"href":"https:\/\/vailhorses.com\/tr\/wp-json\/wp\/v2\/media?parent=242"}],"curies":[{"name":"wp","href":"https:\/\/api.w.org\/{rel}","templated":true}]}}