{"id":238,"date":"2023-03-17T07:27:20","date_gmt":"2023-03-17T07:27:20","guid":{"rendered":"https:\/\/vailhorses.com\/privacy-policy\/"},"modified":"2023-03-21T14:31:09","modified_gmt":"2023-03-21T14:31:09","slug":"privacy-policy","status":"publish","type":"page","link":"https:\/\/vailhorses.com\/fr\/privacy-policy\/","title":{"rendered":"politique de confidentialit\u00e9"},"content":{"rendered":"<p><span style=\"vertical-align: inherit;\"><span class=\"\" style=\"vertical-align: inherit;\">politique de confidentialit\u00e9<\/span><\/span><\/p>\n<p><span style=\"vertical-align: inherit;\"><span style=\"vertical-align: inherit;\">La protection de vos informations priv\u00e9es est notre priorit\u00e9. <\/span><span style=\"vertical-align: inherit;\">Cette d\u00e9claration de confidentialit\u00e9 s&#8217;applique \u00e0 Vailhorses.com et r\u00e9git la collecte et l&#8217;utilisation des donn\u00e9es. <\/span><span style=\"vertical-align: inherit;\">Vailhorses.com est un march\u00e9 en ligne pour les chevaux, selles, remorques et autres produits pour chevaux \u00e0 vendre. <\/span><span style=\"vertical-align: inherit;\">En utilisant Vailhorses.com, vous consentez aux pratiques en mati\u00e8re de donn\u00e9es d\u00e9crites dans cette d\u00e9claration.<\/span><\/span><\/p>\n<p><span style=\"vertical-align: inherit;\"><span style=\"vertical-align: inherit;\">COLLECTE DE VOS INFORMATIONS PERSONNELLES<\/span><\/span><\/p>\n<p><span style=\"vertical-align: inherit;\"><span style=\"vertical-align: inherit;\">Veuillez garder \u00e0 l&#8217;esprit que si vous divulguez directement des informations personnellement identifiables ou des donn\u00e9es personnellement sensibles sur le formulaire d&#8217;informations de contact de Vailhorses.com, ces informations peuvent \u00eatre collect\u00e9es et utilis\u00e9es par d&#8217;autres.<\/span><\/span><\/p>\n<p><span style=\"vertical-align: inherit;\"><span style=\"vertical-align: inherit;\">Nous ne collectons aucune information personnelle vous concernant \u00e0 moins que vous ne nous la fournissiez volontairement. <\/span><span style=\"vertical-align: inherit;\">Cependant, vous pouvez \u00eatre amen\u00e9 \u00e0 nous fournir certaines informations personnelles lorsque vous choisissez d&#8217;utiliser certains services. <\/span><span style=\"vertical-align: inherit;\">Ceux-ci peuvent inclure :<\/span><\/span><\/p>\n<ul>\n<li><span style=\"vertical-align: inherit;\"><span style=\"vertical-align: inherit;\">ouvrir un compte\u00a0;<\/span><\/span><\/li>\n<li><span style=\"vertical-align: inherit;\"><span style=\"vertical-align: inherit;\">en nous envoyant un message \u00e9lectronique. <\/span><span style=\"vertical-align: inherit;\">\u00c0 savoir, nous utiliserons vos informations pour, mais sans s&#8217;y limiter, communiquer avec vous en relation avec les services que vous nous avez demand\u00e9s. <\/span><span style=\"vertical-align: inherit;\">Nous pouvons \u00e9galement recueillir des informations personnelles ou non personnelles suppl\u00e9mentaires \u00e0 l&#8217;avenir.<\/span><\/span><\/li>\n<\/ul>\n<p><span style=\"vertical-align: inherit;\"><span style=\"vertical-align: inherit;\">PARTAGE D&#8217;INFORMATIONS AVEC DES TIERS<\/span><\/span><\/p>\n<p><span style=\"vertical-align: inherit;\"><span style=\"vertical-align: inherit;\">Vailhorses.com\u00a0 <\/span><\/span><u><span style=\"vertical-align: inherit;\"><span style=\"vertical-align: inherit;\">ne<\/span><\/span><\/u><span style=\"vertical-align: inherit;\"><span style=\"vertical-align: inherit;\"> \u00a0vend, ne loue ni ne loue ses listes de clients \u00e0 des tiers.<\/span><\/span><\/p>\n<p><span style=\"vertical-align: inherit;\"><span style=\"vertical-align: inherit;\">Vailhorses.com peut partager des donn\u00e9es avec des partenaires de confiance pour aider \u00e0 effectuer des analyses statistiques. <\/span><span style=\"vertical-align: inherit;\">Il est interdit \u00e0 tous ces tiers d&#8217;utiliser vos informations personnelles, sauf pour fournir ces services \u00e0 Vailhorses.com, et ils sont tenus de maintenir la confidentialit\u00e9 de vos informations.<\/span><\/span><\/p>\n<p><span style=\"vertical-align: inherit;\"><span style=\"vertical-align: inherit;\">Vailhorses.com peut divulguer vos informations personnelles, sans pr\u00e9avis, si la loi l&#8217;exige ou en croyant de bonne foi qu&#8217;une telle action est n\u00e9cessaire pour\u00a0: (a) se conformer aux \u00e9dits de la loi ou se conformer \u00e0 la proc\u00e9dure judiciaire signifi\u00e9e \u00e0 Vailhorses .com\u00a0; <\/span><span style=\"vertical-align: inherit;\">(b) prot\u00e9ger et d\u00e9fendre les droits ou la propri\u00e9t\u00e9 de Vailhorses.com\u00a0; <\/span><span style=\"vertical-align: inherit;\">et\/ou (c) agir dans des circonstances urgentes pour prot\u00e9ger la s\u00e9curit\u00e9 personnelle des utilisateurs de Vailhorses.com ou du public.<\/span><\/span><\/p>\n<p><span style=\"vertical-align: inherit;\"><span style=\"vertical-align: inherit;\">INFORMATIONS COLLECT\u00c9ES AUTOMATIQUEMENT<\/span><\/span><\/p>\n<p><span style=\"vertical-align: inherit;\"><span style=\"vertical-align: inherit;\">Des informations sur votre mat\u00e9riel informatique et vos logiciels peuvent \u00eatre automatiquement collect\u00e9es par Vailhorses.com. <\/span><span style=\"vertical-align: inherit;\">Ces informations peuvent inclure\u00a0: votre adresse IP, le type de navigateur, les noms de domaine, les heures d&#8217;acc\u00e8s et les adresses des sites Web de r\u00e9f\u00e9rence. <\/span><span style=\"vertical-align: inherit;\">Ces informations sont utilis\u00e9es pour le fonctionnement du service, pour maintenir la qualit\u00e9 du service et pour fournir des statistiques g\u00e9n\u00e9rales concernant l&#8217;utilisation de Vailhorses.com.<\/span><\/span><\/p>\n<p><span style=\"vertical-align: inherit;\"><span style=\"vertical-align: inherit;\">UTILISATION DES COOKIES<\/span><\/span><\/p>\n<p><span style=\"vertical-align: inherit;\"><span style=\"vertical-align: inherit;\">Vailhorses.com peut utiliser des &#8220;cookies&#8221; pour vous aider \u00e0 personnaliser votre exp\u00e9rience en ligne. <\/span><span style=\"vertical-align: inherit;\">Un cookie est un fichier texte plac\u00e9 sur votre disque dur par un serveur de pages Web. <\/span><span style=\"vertical-align: inherit;\">Les cookies ne peuvent pas \u00eatre utilis\u00e9s pour ex\u00e9cuter des programmes ou transmettre des virus \u00e0 votre ordinateur. <\/span><span style=\"vertical-align: inherit;\">Les cookies vous sont attribu\u00e9s de mani\u00e8re unique et ne peuvent \u00eatre lus que par un serveur Web du domaine qui vous a envoy\u00e9 le cookie.<\/span><\/span><\/p>\n<p><span style=\"vertical-align: inherit;\"><span style=\"vertical-align: inherit;\">L&#8217;un des principaux objectifs des cookies est de fournir une fonctionnalit\u00e9 pratique pour vous faire gagner du temps. <\/span><span style=\"vertical-align: inherit;\">Le but d&#8217;un cookie est de signaler au serveur web que vous \u00eates revenu sur une page sp\u00e9cifique. <\/span><span style=\"vertical-align: inherit;\">Par exemple, si vous personnalisez les pages de Vailhorses.com ou si vous vous enregistrez sur Vailhorses.com, un cookie aide Vailhorses.com \u00e0 rappeler vos informations sp\u00e9cifiques lors de visites ult\u00e9rieures. <\/span><span style=\"vertical-align: inherit;\">Cela simplifie le processus d&#8217;enregistrement de vos informations personnelles, telles que les noms, les num\u00e9ros de t\u00e9l\u00e9phone, etc. <\/span><span style=\"vertical-align: inherit;\">Lorsque vous revenez sur Vailhorses.com, les informations que vous avez pr\u00e9c\u00e9demment fournies peuvent \u00eatre r\u00e9cup\u00e9r\u00e9es, ce qui vous permet d&#8217;utiliser facilement les fonctionnalit\u00e9s de Vailhorses.com que vous avez personnalis\u00e9es.<\/span><\/span><\/p>\n<p><span style=\"vertical-align: inherit;\"><span style=\"vertical-align: inherit;\">Vous avez la possibilit\u00e9 d&#8217;accepter ou de refuser les cookies. <\/span><span style=\"vertical-align: inherit;\">La plupart des navigateurs Web acceptent automatiquement les cookies, mais vous pouvez g\u00e9n\u00e9ralement modifier les param\u00e8tres de votre navigateur pour refuser les cookies si vous pr\u00e9f\u00e9rez. <\/span><span style=\"vertical-align: inherit;\">Si vous choisissez de refuser les cookies, vous ne pourrez peut-\u00eatre pas profiter pleinement des fonctionnalit\u00e9s interactives des services ou des sites Web de Vailhorses.com que vous visitez.<\/span><\/span><\/p>\n<p><span style=\"vertical-align: inherit;\"><span style=\"vertical-align: inherit;\">LIENS<\/span><\/span><\/p>\n<p><span style=\"vertical-align: inherit;\"><span style=\"vertical-align: inherit;\">Ce site contient des liens vers d&#8217;autres sites. <\/span><span style=\"vertical-align: inherit;\">Veuillez noter que nous ne sommes pas responsables du contenu ou des pratiques de confidentialit\u00e9 de ces autres sites. <\/span><span style=\"vertical-align: inherit;\">Nous encourageons nos utilisateurs \u00e0 \u00eatre conscients lorsqu&#8217;ils quittent notre site et \u00e0 lire les d\u00e9clarations de confidentialit\u00e9 de tout autre site qui collecte des informations personnellement identifiables.<\/span><\/span><\/p>\n<p><span style=\"vertical-align: inherit;\"><span style=\"vertical-align: inherit;\">S\u00c9CURIT\u00c9 DE VOS INFORMATIONS PERSONNELLES<\/span><\/span><\/p>\n<p><span style=\"vertical-align: inherit;\"><span style=\"vertical-align: inherit;\">Vailhorses.com s\u00e9curise vos informations personnelles contre tout acc\u00e8s, utilisation ou divulgation non autoris\u00e9s. <\/span><span style=\"vertical-align: inherit;\">Vailhorses.com utilise le protocole SSL \u00e0 cette fin.<\/span><\/span><\/p>\n<p><span style=\"vertical-align: inherit;\"><span style=\"vertical-align: inherit;\">Lorsque des informations personnelles sont transmises \u00e0 d&#8217;autres sites Web, elles sont prot\u00e9g\u00e9es par l&#8217;utilisation d&#8217;un cryptage, tel que le protocole Secure Sockets Layer (SSL).<\/span><\/span><\/p>\n<p><span style=\"vertical-align: inherit;\"><span style=\"vertical-align: inherit;\">Nous nous effor\u00e7ons de prendre les mesures de s\u00e9curit\u00e9 appropri\u00e9es pour vous prot\u00e9ger contre l&#8217;acc\u00e8s non autoris\u00e9 ou la modification de vos informations personnelles. <\/span><span style=\"vertical-align: inherit;\">Malheureusement, aucune transmission de donn\u00e9es sur Internet ou sur un r\u00e9seau sans fil ne peut \u00eatre garantie \u00e0 100 % s\u00e9curis\u00e9e. <\/span><span style=\"vertical-align: inherit;\">Par cons\u00e9quent, alors que nous nous effor\u00e7ons de prot\u00e9ger vos informations personnelles, vous reconnaissez que : (a) il existe des limites de s\u00e9curit\u00e9 et de confidentialit\u00e9 inh\u00e9rentes \u00e0 Internet qui \u00e9chappent \u00e0 notre contr\u00f4le ; <\/span><span style=\"vertical-align: inherit;\">et (b) la s\u00e9curit\u00e9, l&#8217;int\u00e9grit\u00e9 et la confidentialit\u00e9 de toutes les informations et donn\u00e9es \u00e9chang\u00e9es entre vous et nous via ce site ne peuvent \u00eatre garanties.<\/span><\/span><\/p>\n<p><span style=\"vertical-align: inherit;\"><span style=\"vertical-align: inherit;\">DROIT \u00c0 LA SUPPRESSION<\/span><\/span><\/p>\n<p><span style=\"vertical-align: inherit;\"><span style=\"vertical-align: inherit;\">Sous r\u00e9serve de certaines exceptions \u00e9nonc\u00e9es ci-dessous, \u00e0 la r\u00e9ception d&#8217;une demande v\u00e9rifiable de votre part, nous\u00a0:<\/span><\/span><\/p>\n<ul>\n<li><span style=\"vertical-align: inherit;\"><span style=\"vertical-align: inherit;\">Supprimer vos informations personnelles de nos dossiers\u00a0; <\/span><span style=\"vertical-align: inherit;\">et<\/span><\/span><\/li>\n<li><span style=\"vertical-align: inherit;\"><span style=\"vertical-align: inherit;\">Demandez \u00e0 tous les fournisseurs de services de supprimer vos informations personnelles de leurs dossiers.<\/span><\/span><\/li>\n<\/ul>\n<p><span style=\"vertical-align: inherit;\"><span style=\"vertical-align: inherit;\">Veuillez noter que nous pourrions ne pas \u00eatre en mesure de r\u00e9pondre aux demandes de suppression de vos informations personnelles s&#8217;il est n\u00e9cessaire de\u00a0:<\/span><\/span><\/p>\n<ol>\n<li><span style=\"vertical-align: inherit;\"><span style=\"vertical-align: inherit;\">Compl\u00e9ter la transaction pour laquelle les renseignements personnels ont \u00e9t\u00e9 recueillis, remplir les conditions d&#8217;une garantie \u00e9crite ou d&#8217;un rappel de produit effectu\u00e9 conform\u00e9ment \u00e0 la loi f\u00e9d\u00e9rale, fournir un bien ou un service que vous avez demand\u00e9 ou raisonnablement pr\u00e9vu dans le cadre de notre relation commerciale continue avec vous , ou autrement ex\u00e9cuter un contrat entre vous et nous\u00a0;<\/span><\/span><\/li>\n<li><span style=\"vertical-align: inherit;\"><span style=\"vertical-align: inherit;\">D\u00e9tecter les incidents de s\u00e9curit\u00e9, prot\u00e9ger contre les activit\u00e9s malveillantes, trompeuses, frauduleuses ou ill\u00e9gales, ou poursuivre les responsables de ces activit\u00e9s\u00a0;<\/span><\/span><\/li>\n<li><span style=\"vertical-align: inherit;\"><span style=\"vertical-align: inherit;\">D\u00e9boguer pour identifier et r\u00e9parer les erreurs qui alt\u00e8rent les fonctionnalit\u00e9s pr\u00e9vues existantes\u00a0;<\/span><\/span><\/li>\n<li><span style=\"vertical-align: inherit;\"><span style=\"vertical-align: inherit;\">Exercer la libert\u00e9 d&#8217;expression, garantir le droit d&#8217;un autre consommateur d&#8217;exercer son droit \u00e0 la libert\u00e9 d&#8217;expression ou exercer un autre droit pr\u00e9vu par la loi\u00a0;<\/span><\/span><\/li>\n<li><span style=\"vertical-align: inherit;\"><span style=\"vertical-align: inherit;\">Se conformer \u00e0 la loi californienne sur la confidentialit\u00e9 des communications \u00e9lectroniques\u00a0;<\/span><\/span><\/li>\n<li><span style=\"vertical-align: inherit;\"><span style=\"vertical-align: inherit;\">S&#8217;engager dans des recherches scientifiques, historiques ou statistiques publiques ou \u00e9valu\u00e9es par des pairs dans l&#8217;int\u00e9r\u00eat public qui adh\u00e8rent \u00e0 toutes les autres lois applicables en mati\u00e8re d&#8217;\u00e9thique et de confidentialit\u00e9, lorsque notre suppression des informations est susceptible de rendre impossible ou de compromettre gravement la r\u00e9alisation de ces recherches, \u00e0 condition que nous avons obtenu votre consentement \u00e9clair\u00e9\u00a0;<\/span><\/span><\/li>\n<li><span style=\"vertical-align: inherit;\"><span style=\"vertical-align: inherit;\">Autoriser uniquement les utilisations internes raisonnablement align\u00e9es sur vos attentes en fonction de votre relation avec nous\u00a0;<\/span><\/span><\/li>\n<li><span style=\"vertical-align: inherit;\"><span style=\"vertical-align: inherit;\">Se conformer \u00e0 une obligation l\u00e9gale existante\u00a0; <\/span><span style=\"vertical-align: inherit;\">ou<\/span><\/span><\/li>\n<li><span style=\"vertical-align: inherit;\"><span style=\"vertical-align: inherit;\">Sinon utiliser vos informations personnelles, en interne, d&#8217;une mani\u00e8re licite et compatible avec le contexte dans lequel vous avez fourni les informations.<\/span><\/span><\/li>\n<\/ol>\n<p><span style=\"vertical-align: inherit;\"><span style=\"vertical-align: inherit;\">ENFANTS DE MOINS DE TREIZE<\/span><\/span><\/p>\n<p><span style=\"vertical-align: inherit;\"><span style=\"vertical-align: inherit;\">Vailhorses.com ne recueille pas sciemment des informations personnellement identifiables aupr\u00e8s d&#8217;enfants de moins de treize ans. <\/span><span style=\"vertical-align: inherit;\">Si vous avez moins de treize ans, vous devez demander \u00e0 votre parent ou tuteur la permission d&#8217;utiliser ce site Web.<\/span><\/span><\/p>\n<p><span style=\"vertical-align: inherit;\"><span style=\"vertical-align: inherit;\">MODIFICATIONS APPORT\u00c9ES \u00c0 CETTE D\u00c9CLARATION<\/span><\/span><\/p>\n<p><span style=\"vertical-align: inherit;\"><span style=\"vertical-align: inherit;\">Vailhorses.com se r\u00e9serve le droit de modifier cette politique de confidentialit\u00e9 de temps \u00e0 autre. <\/span><span style=\"vertical-align: inherit;\">Nous vous informerons des changements importants dans la fa\u00e7on dont nous traitons les informations personnelles en envoyant un avis \u00e0 l&#8217;adresse e-mail principale sp\u00e9cifi\u00e9e dans votre compte, en pla\u00e7ant un avis bien visible sur notre site Web et\/ou en mettant \u00e0 jour toute information de confidentialit\u00e9. <\/span><span style=\"vertical-align: inherit;\">Votre utilisation continue du site Web et\/ou des services disponibles apr\u00e8s de telles modifications constituera votre : (a) reconnaissance de la politique de confidentialit\u00e9 modifi\u00e9e ; <\/span><span style=\"vertical-align: inherit;\">et (b) l&#8217;accord de respecter et d&#8217;\u00eatre li\u00e9 par cette politique.<\/span><\/span><\/p>\n<p><span style=\"vertical-align: inherit;\"><span style=\"vertical-align: inherit;\">COORDONN\u00c9ES<\/span><\/span><\/p>\n<p><span style=\"vertical-align: inherit;\"><span style=\"vertical-align: inherit;\">Vailhorses.com accueille vos questions ou commentaires concernant cette d\u00e9claration de confidentialit\u00e9. <\/span><span style=\"vertical-align: inherit;\">Si vous pensez que Vailhorses.com n&#8217;a pas adh\u00e9r\u00e9 \u00e0 cette d\u00e9claration, veuillez contacter Vailhorses.com \/ horsesvail@gmail.com<\/span><\/span><\/p>\n<p>&nbsp;<\/p>\n<p><em><span style=\"vertical-align: inherit;\"><span style=\"vertical-align: inherit;\">En vigueur \u00e0 compter du 8 octobre 2022<\/span><\/span><\/em><\/p>\n<p>&nbsp;<\/p>\n","protected":false},"excerpt":{"rendered":"<p>politique de confidentialit\u00e9 La protection de vos informations priv\u00e9es est notre priorit\u00e9. Cette d\u00e9claration de confidentialit\u00e9 s&#8217;applique \u00e0 Vailhorses.com et r\u00e9git la collecte et l&#8217;utilisation des donn\u00e9es. Vailhorses.com est un march\u00e9 en ligne pour les chevaux, selles, remorques et autres produits pour chevaux \u00e0 vendre. En utilisant Vailhorses.com, vous consentez aux pratiques en mati\u00e8re de &hellip;<\/p>\n","protected":false},"author":1,"featured_media":0,"parent":0,"menu_order":0,"comment_status":"closed","ping_status":"open","template":"","meta":{"footnotes":""},"class_list":["post-238","page","type-page","status-publish","hentry"],"yoast_head":"<!-- This site is optimized with the Yoast SEO plugin v25.4 - https:\/\/yoast.com\/wordpress\/plugins\/seo\/ -->\n<title>politique de confidentialit\u00e9 - vailhorses<\/title>\n<meta name=\"description\" content=\"Protecting your private information is our priority. This Statement of Privacy applies to Vailhorses.com and governs data collection and\" \/>\n<meta name=\"robots\" content=\"index, follow, max-snippet:-1, max-image-preview:large, max-video-preview:-1\" \/>\n<link rel=\"canonical\" href=\"https:\/\/vailhorses.com\/fr\/privacy-policy\/\" \/>\n<meta property=\"og:locale\" content=\"fr_FR\" \/>\n<meta property=\"og:type\" content=\"article\" \/>\n<meta property=\"og:title\" content=\"politique de confidentialit\u00e9 - vailhorses\" \/>\n<meta property=\"og:description\" content=\"Protecting your private information is our priority. This Statement of Privacy applies to Vailhorses.com and governs data collection and\" \/>\n<meta property=\"og:url\" content=\"https:\/\/vailhorses.com\/fr\/privacy-policy\/\" \/>\n<meta property=\"og:site_name\" content=\"vailhorses\" \/>\n<meta property=\"article:modified_time\" content=\"2023-03-21T14:31:09+00:00\" \/>\n<meta name=\"twitter:card\" content=\"summary_large_image\" \/>\n<meta name=\"twitter:label1\" content=\"Est. reading time\" \/>\n\t<meta name=\"twitter:data1\" content=\"6 minutes\" \/>\n<script type=\"application\/ld+json\" class=\"yoast-schema-graph\">{\"@context\":\"https:\/\/schema.org\",\"@graph\":[{\"@type\":\"WebPage\",\"@id\":\"https:\/\/vailhorses.com\/fr\/privacy-policy\/\",\"url\":\"https:\/\/vailhorses.com\/fr\/privacy-policy\/\",\"name\":\"politique de confidentialit\u00e9 - vailhorses\",\"isPartOf\":{\"@id\":\"https:\/\/vailhorses.com\/#website\"},\"datePublished\":\"2023-03-17T07:27:20+00:00\",\"dateModified\":\"2023-03-21T14:31:09+00:00\",\"description\":\"Protecting your private information is our priority. This Statement of Privacy applies to Vailhorses.com and governs data collection and\",\"breadcrumb\":{\"@id\":\"https:\/\/vailhorses.com\/fr\/privacy-policy\/#breadcrumb\"},\"inLanguage\":\"fr-FR\",\"potentialAction\":[{\"@type\":\"ReadAction\",\"target\":[\"https:\/\/vailhorses.com\/fr\/privacy-policy\/\"]}]},{\"@type\":\"BreadcrumbList\",\"@id\":\"https:\/\/vailhorses.com\/fr\/privacy-policy\/#breadcrumb\",\"itemListElement\":[{\"@type\":\"ListItem\",\"position\":1,\"name\":\"Home\",\"item\":\"https:\/\/vailhorses.com\/fr\/\"},{\"@type\":\"ListItem\",\"position\":2,\"name\":\"politique de confidentialit\u00e9\"}]},{\"@type\":\"WebSite\",\"@id\":\"https:\/\/vailhorses.com\/#website\",\"url\":\"https:\/\/vailhorses.com\/\",\"name\":\"vailhorses\",\"description\":\"All about horses\",\"potentialAction\":[{\"@type\":\"SearchAction\",\"target\":{\"@type\":\"EntryPoint\",\"urlTemplate\":\"https:\/\/vailhorses.com\/?s={search_term_string}\"},\"query-input\":{\"@type\":\"PropertyValueSpecification\",\"valueRequired\":true,\"valueName\":\"search_term_string\"}}],\"inLanguage\":\"fr-FR\"}]}<\/script>\n<!-- \/ Yoast SEO plugin. -->","yoast_head_json":{"title":"politique de confidentialit\u00e9 - vailhorses","description":"Protecting your private information is our priority. This Statement of Privacy applies to Vailhorses.com and governs data collection and","robots":{"index":"index","follow":"follow","max-snippet":"max-snippet:-1","max-image-preview":"max-image-preview:large","max-video-preview":"max-video-preview:-1"},"canonical":"https:\/\/vailhorses.com\/fr\/privacy-policy\/","og_locale":"fr_FR","og_type":"article","og_title":"politique de confidentialit\u00e9 - vailhorses","og_description":"Protecting your private information is our priority. This Statement of Privacy applies to Vailhorses.com and governs data collection and","og_url":"https:\/\/vailhorses.com\/fr\/privacy-policy\/","og_site_name":"vailhorses","article_modified_time":"2023-03-21T14:31:09+00:00","twitter_card":"summary_large_image","twitter_misc":{"Est. reading time":"6 minutes"},"schema":{"@context":"https:\/\/schema.org","@graph":[{"@type":"WebPage","@id":"https:\/\/vailhorses.com\/fr\/privacy-policy\/","url":"https:\/\/vailhorses.com\/fr\/privacy-policy\/","name":"politique de confidentialit\u00e9 - vailhorses","isPartOf":{"@id":"https:\/\/vailhorses.com\/#website"},"datePublished":"2023-03-17T07:27:20+00:00","dateModified":"2023-03-21T14:31:09+00:00","description":"Protecting your private information is our priority. This Statement of Privacy applies to Vailhorses.com and governs data collection and","breadcrumb":{"@id":"https:\/\/vailhorses.com\/fr\/privacy-policy\/#breadcrumb"},"inLanguage":"fr-FR","potentialAction":[{"@type":"ReadAction","target":["https:\/\/vailhorses.com\/fr\/privacy-policy\/"]}]},{"@type":"BreadcrumbList","@id":"https:\/\/vailhorses.com\/fr\/privacy-policy\/#breadcrumb","itemListElement":[{"@type":"ListItem","position":1,"name":"Home","item":"https:\/\/vailhorses.com\/fr\/"},{"@type":"ListItem","position":2,"name":"politique de confidentialit\u00e9"}]},{"@type":"WebSite","@id":"https:\/\/vailhorses.com\/#website","url":"https:\/\/vailhorses.com\/","name":"vailhorses","description":"All about horses","potentialAction":[{"@type":"SearchAction","target":{"@type":"EntryPoint","urlTemplate":"https:\/\/vailhorses.com\/?s={search_term_string}"},"query-input":{"@type":"PropertyValueSpecification","valueRequired":true,"valueName":"search_term_string"}}],"inLanguage":"fr-FR"}]}},"_links":{"self":[{"href":"https:\/\/vailhorses.com\/fr\/wp-json\/wp\/v2\/pages\/238","targetHints":{"allow":["GET"]}}],"collection":[{"href":"https:\/\/vailhorses.com\/fr\/wp-json\/wp\/v2\/pages"}],"about":[{"href":"https:\/\/vailhorses.com\/fr\/wp-json\/wp\/v2\/types\/page"}],"author":[{"embeddable":true,"href":"https:\/\/vailhorses.com\/fr\/wp-json\/wp\/v2\/users\/1"}],"replies":[{"embeddable":true,"href":"https:\/\/vailhorses.com\/fr\/wp-json\/wp\/v2\/comments?post=238"}],"version-history":[{"count":2,"href":"https:\/\/vailhorses.com\/fr\/wp-json\/wp\/v2\/pages\/238\/revisions"}],"predecessor-version":[{"id":262,"href":"https:\/\/vailhorses.com\/fr\/wp-json\/wp\/v2\/pages\/238\/revisions\/262"}],"wp:attachment":[{"href":"https:\/\/vailhorses.com\/fr\/wp-json\/wp\/v2\/media?parent=238"}],"curies":[{"name":"wp","href":"https:\/\/api.w.org\/{rel}","templated":true}]}}