{"id":241,"date":"2023-03-17T07:27:20","date_gmt":"2023-03-17T07:27:20","guid":{"rendered":"https:\/\/vailhorses.com\/privacy-policy\/"},"modified":"2023-03-21T14:33:41","modified_gmt":"2023-03-21T14:33:41","slug":"privacy-policy","status":"publish","type":"page","link":"https:\/\/vailhorses.com\/es\/privacy-policy\/","title":{"rendered":"pol\u00edtica de privacidad"},"content":{"rendered":"<p><span style=\"vertical-align: inherit;\"><span class=\"\" style=\"vertical-align: inherit;\">pol\u00edtica de privacidad<\/span><\/span><\/p>\n<p><span style=\"vertical-align: inherit;\"><span style=\"vertical-align: inherit;\">Proteger su informaci\u00f3n privada es nuestra prioridad. <\/span><span style=\"vertical-align: inherit;\">Esta Declaraci\u00f3n de privacidad se aplica a Vailhorses.com y rige la recopilaci\u00f3n y el uso de datos. <\/span><span style=\"vertical-align: inherit;\">Vailhorses.com es un mercado en l\u00ednea para la venta de caballos, sillas de montar, remolques y otros productos para caballos. <\/span><span style=\"vertical-align: inherit;\">Al usar Vailhorses.com, usted acepta las pr\u00e1cticas de datos descritas en esta declaraci\u00f3n.<\/span><\/span><\/p>\n<p><span style=\"vertical-align: inherit;\"><span style=\"vertical-align: inherit;\">RECOGIDA DE SU INFORMACI\u00d3N PERSONAL<\/span><\/span><\/p>\n<p><span style=\"vertical-align: inherit;\"><span style=\"vertical-align: inherit;\">Tenga en cuenta que si divulga directamente informaci\u00f3n de identificaci\u00f3n personal o datos personales confidenciales en el formulario de informaci\u00f3n de contacto de Vailhorses.com, esta informaci\u00f3n puede ser recopilada y utilizada por otros.<\/span><\/span><\/p>\n<p><span style=\"vertical-align: inherit;\"><span style=\"vertical-align: inherit;\">No recopilamos ninguna informaci\u00f3n personal sobre usted a menos que nos la proporcione voluntariamente. <\/span><span style=\"vertical-align: inherit;\">Sin embargo, es posible que deba proporcionarnos cierta informaci\u00f3n personal cuando elija usar ciertos servicios. <\/span><span style=\"vertical-align: inherit;\">Estos pueden incluir:<\/span><\/span><\/p>\n<ul>\n<li><span style=\"vertical-align: inherit;\"><span style=\"vertical-align: inherit;\">registrarse para una cuenta;<\/span><\/span><\/li>\n<li><span style=\"vertical-align: inherit;\"><span style=\"vertical-align: inherit;\">envi\u00e1ndonos un mensaje de correo electr\u00f3nico. <\/span><span style=\"vertical-align: inherit;\">Es decir, utilizaremos su informaci\u00f3n para, entre otros, comunicarnos con usted en relaci\u00f3n con los servicios que nos ha solicitado. <\/span><span style=\"vertical-align: inherit;\">Tambi\u00e9n podemos recopilar informaci\u00f3n personal o no personal adicional en el futuro.<\/span><\/span><\/li>\n<\/ul>\n<p><span style=\"vertical-align: inherit;\"><span style=\"vertical-align: inherit;\">COMPARTIR INFORMACI\u00d3N CON TERCEROS<\/span><\/span><\/p>\n<p><span style=\"vertical-align: inherit;\"><span style=\"vertical-align: inherit;\">Vailhorses.comno\u00a0 <\/span><\/span><u><span style=\"vertical-align: inherit;\"><span style=\"vertical-align: inherit;\">tiene que<\/span><\/span><\/u><span style=\"vertical-align: inherit;\"><span style=\"vertical-align: inherit;\"> \u00a0vender, alquilar o ceder sus listas de clientes a terceros.<\/span><\/span><\/p>\n<p><span style=\"vertical-align: inherit;\"><span style=\"vertical-align: inherit;\">Vailhorses.com puede compartir datos con socios de confianza para ayudar a realizar an\u00e1lisis estad\u00edsticos. <\/span><span style=\"vertical-align: inherit;\">Todos estos terceros tienen prohibido el uso de su informaci\u00f3n personal, excepto para proporcionar estos servicios a Vailhorses.com, y est\u00e1n obligados a mantener la confidencialidad de su informaci\u00f3n.<\/span><\/span><\/p>\n<p><span style=\"vertical-align: inherit;\"><span style=\"vertical-align: inherit;\">Vailhorses.com puede divulgar su informaci\u00f3n personal, sin previo aviso, si as\u00ed lo requiere la ley o si cree de buena fe que dicha acci\u00f3n es necesaria para: (a) cumplir con los edictos de la ley o con el proceso legal presentado a Vailhorses. .com; <\/span><span style=\"vertical-align: inherit;\">(b) proteger y defender los derechos o propiedad de Vailhorses.com; <\/span><span style=\"vertical-align: inherit;\">y\/o (c) actuar bajo circunstancias exigentes para proteger la seguridad personal de los usuarios de Vailhorses.com o del p\u00fablico.<\/span><\/span><\/p>\n<p><span style=\"vertical-align: inherit;\"><span style=\"vertical-align: inherit;\">INFORMACI\u00d3N RECOGIDA AUTOM\u00c1TICAMENTE<\/span><\/span><\/p>\n<p><span style=\"vertical-align: inherit;\"><span style=\"vertical-align: inherit;\">Vailhorses.com puede recopilar autom\u00e1ticamente informaci\u00f3n sobre el hardware y el software de su computadora. <\/span><span style=\"vertical-align: inherit;\">Esta informaci\u00f3n puede incluir: su direcci\u00f3n IP, tipo de navegador, nombres de dominio, tiempos de acceso y direcciones de sitios web de referencia. <\/span><span style=\"vertical-align: inherit;\">Esta informaci\u00f3n se utiliza para la operaci\u00f3n del servicio, para mantener la calidad del servicio prestado y para brindar estad\u00edsticas generales sobre el uso de Vailhorses.com.<\/span><\/span><\/p>\n<p><span style=\"vertical-align: inherit;\"><span style=\"vertical-align: inherit;\">USO DE COOKIES<\/span><\/span><\/p>\n<p><span style=\"vertical-align: inherit;\"><span style=\"vertical-align: inherit;\">Vailhorses.com puede usar &#8220;cookies&#8221; para ayudarlo a personalizar su experiencia en l\u00ednea. <\/span><span style=\"vertical-align: inherit;\">Una cookie es un archivo de texto que un servidor de p\u00e1ginas web coloca en su disco duro. <\/span><span style=\"vertical-align: inherit;\">Las cookies no se pueden utilizar para ejecutar programas o enviar virus a su computadora. <\/span><span style=\"vertical-align: inherit;\">Las cookies se le asignan de forma \u00fanica y solo puede leerlas un servidor web en el dominio que le emiti\u00f3 la cookie.<\/span><\/span><\/p>\n<p><span style=\"vertical-align: inherit;\"><span style=\"vertical-align: inherit;\">Uno de los prop\u00f3sitos principales de las cookies es proporcionar una caracter\u00edstica conveniente para ahorrarle tiempo. <\/span><span style=\"vertical-align: inherit;\">El prop\u00f3sito de una cookie es decirle al servidor web que ha regresado a una p\u00e1gina espec\u00edfica. <\/span><span style=\"vertical-align: inherit;\">Por ejemplo, si personaliza las p\u00e1ginas de Vailhorses.com o se registra en Vailhorses.com, una cookie ayuda a Vailhorses.com a recordar su informaci\u00f3n espec\u00edfica en visitas posteriores. <\/span><span style=\"vertical-align: inherit;\">Esto simplifica el proceso de registro de su informaci\u00f3n personal, como nombres, n\u00fameros de tel\u00e9fono, etc. <\/span><span style=\"vertical-align: inherit;\">Cuando regrese a Vailhorses.com, la informaci\u00f3n que proporcion\u00f3 anteriormente se puede recuperar, para que pueda usar f\u00e1cilmente las funciones de Vailhorses.com que personaliz\u00f3.<\/span><\/span><\/p>\n<p><span style=\"vertical-align: inherit;\"><span style=\"vertical-align: inherit;\">Tiene la posibilidad de aceptar o rechazar las cookies. <\/span><span style=\"vertical-align: inherit;\">La mayor\u00eda de los navegadores web aceptan autom\u00e1ticamente las cookies, pero generalmente puede modificar la configuraci\u00f3n de su navegador para rechazar las cookies si lo prefiere. <\/span><span style=\"vertical-align: inherit;\">Si elige rechazar las cookies, es posible que no pueda experimentar completamente las funciones interactivas de los servicios o sitios web de Vailhorses.com que visita.<\/span><\/span><\/p>\n<p><span style=\"vertical-align: inherit;\"><span style=\"vertical-align: inherit;\">ENLACES<\/span><\/span><\/p>\n<p><span style=\"vertical-align: inherit;\"><span style=\"vertical-align: inherit;\">Este sitio web contiene enlaces a otros sitios. <\/span><span style=\"vertical-align: inherit;\">Tenga en cuenta que no somos responsables del contenido o las pr\u00e1cticas de privacidad de dichos otros sitios. <\/span><span style=\"vertical-align: inherit;\">Alentamos a nuestros usuarios a estar atentos cuando abandonan nuestro sitio y a leer las declaraciones de privacidad de cualquier otro sitio que recopile informaci\u00f3n de identificaci\u00f3n personal.<\/span><\/span><\/p>\n<p><span style=\"vertical-align: inherit;\"><span style=\"vertical-align: inherit;\">SEGURIDAD DE SU INFORMACI\u00d3N PERSONAL<\/span><\/span><\/p>\n<p><span style=\"vertical-align: inherit;\"><span style=\"vertical-align: inherit;\">Vailhorses.com asegura su informaci\u00f3n personal frente al acceso, uso o divulgaci\u00f3n no autorizados. <\/span><span style=\"vertical-align: inherit;\">Vailhorses.com utiliza el protocolo SSL para este fin.<\/span><\/span><\/p>\n<p><span style=\"vertical-align: inherit;\"><span style=\"vertical-align: inherit;\">Cuando la informaci\u00f3n personal se transmite a otros sitios web, se protege mediante el uso de cifrado, como el protocolo de capa de conexi\u00f3n segura (SSL).<\/span><\/span><\/p>\n<p><span style=\"vertical-align: inherit;\"><span style=\"vertical-align: inherit;\">Nos esforzamos por tomar las medidas de seguridad adecuadas para proteger contra el acceso no autorizado o la alteraci\u00f3n de su informaci\u00f3n personal. <\/span><span style=\"vertical-align: inherit;\">Desafortunadamente, no se puede garantizar que la transmisi\u00f3n de datos a trav\u00e9s de Internet o cualquier red inal\u00e1mbrica sea 100% segura. <\/span><span style=\"vertical-align: inherit;\">Como resultado, mientras nos esforzamos por proteger su informaci\u00f3n personal, usted reconoce que: (a) existen limitaciones de seguridad y privacidad inherentes a Internet que est\u00e1n fuera de nuestro control; <\/span><span style=\"vertical-align: inherit;\">y (b) no se puede garantizar la seguridad, integridad y privacidad de toda la informaci\u00f3n y los datos intercambiados entre usted y nosotros a trav\u00e9s de este sitio.<\/span><\/span><\/p>\n<p><span style=\"vertical-align: inherit;\"><span style=\"vertical-align: inherit;\">DERECHO DE SUPRESI\u00d3N<\/span><\/span><\/p>\n<p><span style=\"vertical-align: inherit;\"><span style=\"vertical-align: inherit;\">Sujeto a ciertas excepciones establecidas a continuaci\u00f3n, al recibir una solicitud verificable de su parte, haremos lo siguiente:<\/span><\/span><\/p>\n<ul>\n<li><span style=\"vertical-align: inherit;\"><span style=\"vertical-align: inherit;\">Eliminar su informaci\u00f3n personal de nuestros registros; <\/span><span style=\"vertical-align: inherit;\">y<\/span><\/span><\/li>\n<li><span style=\"vertical-align: inherit;\"><span style=\"vertical-align: inherit;\">Indicar a cualquier proveedor de servicios que elimine su informaci\u00f3n personal de sus registros.<\/span><\/span><\/li>\n<\/ul>\n<p><span style=\"vertical-align: inherit;\"><span style=\"vertical-align: inherit;\">Tenga en cuenta que es posible que no podamos cumplir con las solicitudes para eliminar su informaci\u00f3n personal si es necesario para:<\/span><\/span><\/p>\n<ol>\n<li><span style=\"vertical-align: inherit;\"><span style=\"vertical-align: inherit;\">Completar la transacci\u00f3n para la cual se recopil\u00f3 la informaci\u00f3n personal, cumplir con los t\u00e9rminos de una garant\u00eda por escrito o retiro del producto realizado de conformidad con la ley federal, proporcionar un bien o servicio solicitado por usted o anticipado razonablemente dentro del contexto de nuestra relaci\u00f3n comercial en curso con usted , o de otro modo realizar un contrato entre usted y nosotros;<\/span><\/span><\/li>\n<li><span style=\"vertical-align: inherit;\"><span style=\"vertical-align: inherit;\">Detectar incidentes de seguridad, proteger contra actividades maliciosas, enga\u00f1osas, fraudulentas o ilegales, o enjuiciar a los responsables de esa actividad;<\/span><\/span><\/li>\n<li><span style=\"vertical-align: inherit;\"><span style=\"vertical-align: inherit;\">Depuraci\u00f3n para identificar y reparar errores que perjudican la funcionalidad prevista existente;<\/span><\/span><\/li>\n<li><span style=\"vertical-align: inherit;\"><span style=\"vertical-align: inherit;\">Ejercer la libertad de expresi\u00f3n, garantizar el derecho de otro consumidor a ejercer su derecho a la libertad de expresi\u00f3n, o ejercer otro derecho previsto por la ley;<\/span><\/span><\/li>\n<li><span style=\"vertical-align: inherit;\"><span style=\"vertical-align: inherit;\">Cumplir con la Ley de Privacidad de Comunicaciones Electr\u00f3nicas de California;<\/span><\/span><\/li>\n<li><span style=\"vertical-align: inherit;\"><span style=\"vertical-align: inherit;\">Participar en investigaciones cient\u00edficas, hist\u00f3ricas o estad\u00edsticas p\u00fablicas o revisadas por pares en inter\u00e9s p\u00fablico que se adhieran a todas las dem\u00e1s leyes de \u00e9tica y privacidad aplicables, cuando es probable que la eliminaci\u00f3n de la informaci\u00f3n imposibilite o perjudique gravemente el logro de dicha investigaci\u00f3n, siempre que hemos obtenido su consentimiento informado;<\/span><\/span><\/li>\n<li><span style=\"vertical-align: inherit;\"><span style=\"vertical-align: inherit;\">Permitir \u00fanicamente usos internos que est\u00e9n razonablemente alineados con sus expectativas en funci\u00f3n de su relaci\u00f3n con nosotros;<\/span><\/span><\/li>\n<li><span style=\"vertical-align: inherit;\"><span style=\"vertical-align: inherit;\">Cumplir con una obligaci\u00f3n legal existente; <\/span><span style=\"vertical-align: inherit;\">o<\/span><\/span><\/li>\n<li><span style=\"vertical-align: inherit;\"><span style=\"vertical-align: inherit;\">De lo contrario, use su informaci\u00f3n personal, internamente, de una manera legal que sea compatible con el contexto en el que proporcion\u00f3 la informaci\u00f3n.<\/span><\/span><\/li>\n<\/ol>\n<p><span style=\"vertical-align: inherit;\"><span style=\"vertical-align: inherit;\">NI\u00d1OS MENORES DE TRECE<\/span><\/span><\/p>\n<p><span style=\"vertical-align: inherit;\"><span style=\"vertical-align: inherit;\">Vailhorses.com no recopila a sabiendas informaci\u00f3n de identificaci\u00f3n personal de ni\u00f1os menores de trece a\u00f1os. <\/span><span style=\"vertical-align: inherit;\">Si tiene menos de trece a\u00f1os, debe pedir permiso a sus padres o tutores para usar este sitio web.<\/span><\/span><\/p>\n<p><span style=\"vertical-align: inherit;\"><span style=\"vertical-align: inherit;\">CAMBIOS A ESTA DECLARACI\u00d3N<\/span><\/span><\/p>\n<p><span style=\"vertical-align: inherit;\"><span style=\"vertical-align: inherit;\">Vailhorses.com se reserva el derecho de cambiar esta pol\u00edtica de privacidad de vez en cuando. <\/span><span style=\"vertical-align: inherit;\">Le notificaremos sobre cambios significativos en la forma en que tratamos la informaci\u00f3n personal enviando un aviso a la direcci\u00f3n de correo electr\u00f3nico principal especificada en su cuenta, colocando un aviso destacado en nuestro sitio web y\/o actualizando cualquier informaci\u00f3n de privacidad. <\/span><span style=\"vertical-align: inherit;\">Su uso continuado del sitio web y\/o los servicios disponibles despu\u00e9s de dichas modificaciones constituir\u00e1 su: (a) reconocimiento de la pol\u00edtica de privacidad modificada; <\/span><span style=\"vertical-align: inherit;\">y (b) acuerdo de cumplir y estar obligado por esa pol\u00edtica.<\/span><\/span><\/p>\n<p><span style=\"vertical-align: inherit;\"><span style=\"vertical-align: inherit;\">INFORMACI\u00d3N DEL CONTACTO<\/span><\/span><\/p>\n<p><span style=\"vertical-align: inherit;\"><span style=\"vertical-align: inherit;\">Vailhorses.com agradece sus preguntas o comentarios con respecto a esta Declaraci\u00f3n de privacidad. <\/span><span style=\"vertical-align: inherit;\">Si cree que Vailhorses.com no se ha adherido a esta declaraci\u00f3n, comun\u00edquese con Vailhorses.com \/ horsevail@gmail.com<\/span><\/span><\/p>\n<p>&nbsp;<\/p>\n<p><em><span style=\"vertical-align: inherit;\"><span style=\"vertical-align: inherit;\">Efectivo a partir del 8 de octubre de 2022<\/span><\/span><\/em><\/p>\n<p>&nbsp;<\/p>\n","protected":false},"excerpt":{"rendered":"<p>pol\u00edtica de privacidad Proteger su informaci\u00f3n privada es nuestra prioridad. Esta Declaraci\u00f3n de privacidad se aplica a Vailhorses.com y rige la recopilaci\u00f3n y el uso de datos. Vailhorses.com es un mercado en l\u00ednea para la venta de caballos, sillas de montar, remolques y otros productos para caballos. Al usar Vailhorses.com, usted acepta las pr\u00e1cticas de &hellip;<\/p>\n","protected":false},"author":1,"featured_media":0,"parent":0,"menu_order":0,"comment_status":"closed","ping_status":"open","template":"","meta":{"footnotes":""},"class_list":["post-241","page","type-page","status-publish","hentry"],"yoast_head":"<!-- This site is optimized with the Yoast SEO plugin v25.4 - https:\/\/yoast.com\/wordpress\/plugins\/seo\/ -->\n<title>pol\u00edtica de privacidad - vailhorses<\/title>\n<meta name=\"description\" content=\"Protecting your private information is our priority. This Statement of Privacy applies to Vailhorses.com and governs data collection and\" \/>\n<meta name=\"robots\" content=\"index, follow, max-snippet:-1, max-image-preview:large, max-video-preview:-1\" \/>\n<link rel=\"canonical\" href=\"https:\/\/vailhorses.com\/es\/privacy-policy\/\" \/>\n<meta property=\"og:locale\" content=\"es_ES\" \/>\n<meta property=\"og:type\" content=\"article\" \/>\n<meta property=\"og:title\" content=\"pol\u00edtica de privacidad - vailhorses\" \/>\n<meta property=\"og:description\" content=\"Protecting your private information is our priority. This Statement of Privacy applies to Vailhorses.com and governs data collection and\" \/>\n<meta property=\"og:url\" content=\"https:\/\/vailhorses.com\/es\/privacy-policy\/\" \/>\n<meta property=\"og:site_name\" content=\"vailhorses\" \/>\n<meta property=\"article:modified_time\" content=\"2023-03-21T14:33:41+00:00\" \/>\n<meta name=\"twitter:card\" content=\"summary_large_image\" \/>\n<meta name=\"twitter:label1\" content=\"Est. reading time\" \/>\n\t<meta name=\"twitter:data1\" content=\"6 minutes\" \/>\n<script type=\"application\/ld+json\" class=\"yoast-schema-graph\">{\"@context\":\"https:\/\/schema.org\",\"@graph\":[{\"@type\":\"WebPage\",\"@id\":\"https:\/\/vailhorses.com\/es\/privacy-policy\/\",\"url\":\"https:\/\/vailhorses.com\/es\/privacy-policy\/\",\"name\":\"pol\u00edtica de privacidad - vailhorses\",\"isPartOf\":{\"@id\":\"https:\/\/vailhorses.com\/#website\"},\"datePublished\":\"2023-03-17T07:27:20+00:00\",\"dateModified\":\"2023-03-21T14:33:41+00:00\",\"description\":\"Protecting your private information is our priority. This Statement of Privacy applies to Vailhorses.com and governs data collection and\",\"breadcrumb\":{\"@id\":\"https:\/\/vailhorses.com\/es\/privacy-policy\/#breadcrumb\"},\"inLanguage\":\"es-ES\",\"potentialAction\":[{\"@type\":\"ReadAction\",\"target\":[\"https:\/\/vailhorses.com\/es\/privacy-policy\/\"]}]},{\"@type\":\"BreadcrumbList\",\"@id\":\"https:\/\/vailhorses.com\/es\/privacy-policy\/#breadcrumb\",\"itemListElement\":[{\"@type\":\"ListItem\",\"position\":1,\"name\":\"Home\",\"item\":\"https:\/\/vailhorses.com\/es\/\"},{\"@type\":\"ListItem\",\"position\":2,\"name\":\"pol\u00edtica de privacidad\"}]},{\"@type\":\"WebSite\",\"@id\":\"https:\/\/vailhorses.com\/#website\",\"url\":\"https:\/\/vailhorses.com\/\",\"name\":\"vailhorses\",\"description\":\"All about horses\",\"potentialAction\":[{\"@type\":\"SearchAction\",\"target\":{\"@type\":\"EntryPoint\",\"urlTemplate\":\"https:\/\/vailhorses.com\/?s={search_term_string}\"},\"query-input\":{\"@type\":\"PropertyValueSpecification\",\"valueRequired\":true,\"valueName\":\"search_term_string\"}}],\"inLanguage\":\"es-ES\"}]}<\/script>\n<!-- \/ Yoast SEO plugin. -->","yoast_head_json":{"title":"pol\u00edtica de privacidad - vailhorses","description":"Protecting your private information is our priority. This Statement of Privacy applies to Vailhorses.com and governs data collection and","robots":{"index":"index","follow":"follow","max-snippet":"max-snippet:-1","max-image-preview":"max-image-preview:large","max-video-preview":"max-video-preview:-1"},"canonical":"https:\/\/vailhorses.com\/es\/privacy-policy\/","og_locale":"es_ES","og_type":"article","og_title":"pol\u00edtica de privacidad - vailhorses","og_description":"Protecting your private information is our priority. This Statement of Privacy applies to Vailhorses.com and governs data collection and","og_url":"https:\/\/vailhorses.com\/es\/privacy-policy\/","og_site_name":"vailhorses","article_modified_time":"2023-03-21T14:33:41+00:00","twitter_card":"summary_large_image","twitter_misc":{"Est. reading time":"6 minutes"},"schema":{"@context":"https:\/\/schema.org","@graph":[{"@type":"WebPage","@id":"https:\/\/vailhorses.com\/es\/privacy-policy\/","url":"https:\/\/vailhorses.com\/es\/privacy-policy\/","name":"pol\u00edtica de privacidad - vailhorses","isPartOf":{"@id":"https:\/\/vailhorses.com\/#website"},"datePublished":"2023-03-17T07:27:20+00:00","dateModified":"2023-03-21T14:33:41+00:00","description":"Protecting your private information is our priority. This Statement of Privacy applies to Vailhorses.com and governs data collection and","breadcrumb":{"@id":"https:\/\/vailhorses.com\/es\/privacy-policy\/#breadcrumb"},"inLanguage":"es-ES","potentialAction":[{"@type":"ReadAction","target":["https:\/\/vailhorses.com\/es\/privacy-policy\/"]}]},{"@type":"BreadcrumbList","@id":"https:\/\/vailhorses.com\/es\/privacy-policy\/#breadcrumb","itemListElement":[{"@type":"ListItem","position":1,"name":"Home","item":"https:\/\/vailhorses.com\/es\/"},{"@type":"ListItem","position":2,"name":"pol\u00edtica de privacidad"}]},{"@type":"WebSite","@id":"https:\/\/vailhorses.com\/#website","url":"https:\/\/vailhorses.com\/","name":"vailhorses","description":"All about horses","potentialAction":[{"@type":"SearchAction","target":{"@type":"EntryPoint","urlTemplate":"https:\/\/vailhorses.com\/?s={search_term_string}"},"query-input":{"@type":"PropertyValueSpecification","valueRequired":true,"valueName":"search_term_string"}}],"inLanguage":"es-ES"}]}},"_links":{"self":[{"href":"https:\/\/vailhorses.com\/es\/wp-json\/wp\/v2\/pages\/241","targetHints":{"allow":["GET"]}}],"collection":[{"href":"https:\/\/vailhorses.com\/es\/wp-json\/wp\/v2\/pages"}],"about":[{"href":"https:\/\/vailhorses.com\/es\/wp-json\/wp\/v2\/types\/page"}],"author":[{"embeddable":true,"href":"https:\/\/vailhorses.com\/es\/wp-json\/wp\/v2\/users\/1"}],"replies":[{"embeddable":true,"href":"https:\/\/vailhorses.com\/es\/wp-json\/wp\/v2\/comments?post=241"}],"version-history":[{"count":1,"href":"https:\/\/vailhorses.com\/es\/wp-json\/wp\/v2\/pages\/241\/revisions"}],"predecessor-version":[{"id":266,"href":"https:\/\/vailhorses.com\/es\/wp-json\/wp\/v2\/pages\/241\/revisions\/266"}],"wp:attachment":[{"href":"https:\/\/vailhorses.com\/es\/wp-json\/wp\/v2\/media?parent=241"}],"curies":[{"name":"wp","href":"https:\/\/api.w.org\/{rel}","templated":true}]}}