{"id":239,"date":"2023-03-17T07:27:20","date_gmt":"2023-03-17T07:27:20","guid":{"rendered":"https:\/\/vailhorses.com\/privacy-policy\/"},"modified":"2023-03-21T14:32:18","modified_gmt":"2023-03-21T14:32:18","slug":"privacy-policy","status":"publish","type":"page","link":"https:\/\/vailhorses.com\/de\/privacy-policy\/","title":{"rendered":"Datenschutz-Bestimmungen"},"content":{"rendered":"<p><span style=\"vertical-align: inherit;\"><span class=\"\" style=\"vertical-align: inherit;\">Datenschutz-Bestimmungen<\/span><\/span><\/p>\n<p><span style=\"vertical-align: inherit;\"><span style=\"vertical-align: inherit;\">Der Schutz Ihrer privaten Daten ist unsere Priorit\u00e4t. <\/span><span style=\"vertical-align: inherit;\">Diese Datenschutzerkl\u00e4rung gilt f\u00fcr Vailhorses.com und regelt die Datenerhebung und -nutzung. <\/span><span style=\"vertical-align: inherit;\">Vailhorses.com ist ein Online-Marktplatz f\u00fcr Pferde, S\u00e4ttel, Anh\u00e4nger und andere Pferdeprodukte zum Verkauf. <\/span><span style=\"vertical-align: inherit;\">Durch die Nutzung von Vailhorses.com stimmen Sie den in dieser Erkl\u00e4rung beschriebenen Datenpraktiken zu.<\/span><\/span><\/p>\n<p><span style=\"vertical-align: inherit;\"><span style=\"vertical-align: inherit;\">ERFASSUNG IHRER PERS\u00d6NLICHEN DATEN<\/span><\/span><\/p>\n<p><span style=\"vertical-align: inherit;\"><span style=\"vertical-align: inherit;\">Bitte denken Sie daran, dass, wenn Sie pers\u00f6nlich identifizierbare Informationen oder pers\u00f6nlich sensible Daten direkt im Kontaktformular von Vailhorses.com angeben, diese Informationen von anderen erfasst und verwendet werden k\u00f6nnen.<\/span><\/span><\/p>\n<p><span style=\"vertical-align: inherit;\"><span style=\"vertical-align: inherit;\">Wir sammeln keine personenbezogenen Daten \u00fcber Sie, es sei denn, Sie stellen uns diese freiwillig zur Verf\u00fcgung. <\/span><span style=\"vertical-align: inherit;\">Es kann jedoch erforderlich sein, dass Sie uns bestimmte personenbezogene Daten zur Verf\u00fcgung stellen, wenn Sie sich f\u00fcr die Nutzung bestimmter Dienste entscheiden. <\/span><span style=\"vertical-align: inherit;\">Dazu k\u00f6nnen geh\u00f6ren:<\/span><\/span><\/p>\n<ul>\n<li><span style=\"vertical-align: inherit;\"><span style=\"vertical-align: inherit;\">Registrierung f\u00fcr ein Konto;<\/span><\/span><\/li>\n<li><span style=\"vertical-align: inherit;\"><span style=\"vertical-align: inherit;\">Senden Sie uns eine E-Mail-Nachricht. <\/span><span style=\"vertical-align: inherit;\">Das hei\u00dft, wir verwenden Ihre Informationen unter anderem f\u00fcr die Kommunikation mit Ihnen in Bezug auf Dienstleistungen, die Sie von uns angefordert haben. <\/span><span style=\"vertical-align: inherit;\">Wir k\u00f6nnen in Zukunft auch zus\u00e4tzliche personenbezogene oder nicht personenbezogene Daten erfassen.<\/span><\/span><\/li>\n<\/ul>\n<p><span style=\"vertical-align: inherit;\"><span style=\"vertical-align: inherit;\">INFORMATIONEN MIT DRITTEN TEILEN<\/span><\/span><\/p>\n<p><span style=\"vertical-align: inherit;\"><span style=\"vertical-align: inherit;\">Vailhorses.com\u00a0 verkauft, vermietet oder verleast seine Kundenlisten <\/span><\/span><u><span style=\"vertical-align: inherit;\"><span style=\"vertical-align: inherit;\">nicht<\/span><\/span><\/u><span style=\"vertical-align: inherit;\"><span style=\"vertical-align: inherit;\"> \u00a0an Dritte.<\/span><\/span><\/p>\n<p><span style=\"vertical-align: inherit;\"><span style=\"vertical-align: inherit;\">Vailhorses.com kann Daten mit vertrauensw\u00fcrdigen Partnern teilen, um statistische Analysen durchzuf\u00fchren. <\/span><span style=\"vertical-align: inherit;\">Allen diesen Dritten ist es untersagt, Ihre personenbezogenen Daten zu verwenden, au\u00dfer um diese Dienste f\u00fcr Vailhorses.com bereitzustellen, und sie sind verpflichtet, die Vertraulichkeit Ihrer Daten zu wahren.<\/span><\/span><\/p>\n<p><span style=\"vertical-align: inherit;\"><span style=\"vertical-align: inherit;\">Vailhorses.com kann Ihre personenbezogenen Daten ohne Vorank\u00fcndigung offenlegen, wenn dies gesetzlich vorgeschrieben ist oder in gutem Glauben der Ansicht ist, dass eine solche Ma\u00dfnahme erforderlich ist, um: (a) die gesetzlichen Erlasse einzuhalten oder Vailhorses zugestellte Gerichtsverfahren einzuhalten .com; <\/span><span style=\"vertical-align: inherit;\">(b) die Rechte oder das Eigentum von Vailhorses.com zu sch\u00fctzen und zu verteidigen; <\/span><span style=\"vertical-align: inherit;\">und\/oder (c) unter dringenden Umst\u00e4nden handeln, um die pers\u00f6nliche Sicherheit der Benutzer von Vailhorses.com oder der \u00d6ffentlichkeit zu sch\u00fctzen.<\/span><\/span><\/p>\n<p><span style=\"vertical-align: inherit;\"><span style=\"vertical-align: inherit;\">AUTOMATISCH GESAMMELTE INFORMATIONEN<\/span><\/span><\/p>\n<p><span style=\"vertical-align: inherit;\"><span style=\"vertical-align: inherit;\">Informationen \u00fcber Ihre Computerhardware und -software k\u00f6nnen automatisch von Vailhorses.com erfasst werden. <\/span><span style=\"vertical-align: inherit;\">Diese Informationen k\u00f6nnen Folgendes umfassen: Ihre IP-Adresse, Browsertyp, Dom\u00e4nennamen, Zugriffszeiten und Adressen von verweisenden Websites. <\/span><span style=\"vertical-align: inherit;\">Diese Informationen werden f\u00fcr den Betrieb des Dienstes verwendet, um die Qualit\u00e4t des Dienstes aufrechtzuerhalten und um allgemeine Statistiken \u00fcber die Nutzung von Vailhorses.com zu erstellen.<\/span><\/span><\/p>\n<p><span style=\"vertical-align: inherit;\"><span style=\"vertical-align: inherit;\">VERWENDUNG VON COOKIES<\/span><\/span><\/p>\n<p><span style=\"vertical-align: inherit;\"><span style=\"vertical-align: inherit;\">Vailhorses.com kann \u201eCookies\u201c verwenden, um Ihnen bei der Personalisierung Ihrer Online-Erfahrung zu helfen. <\/span><span style=\"vertical-align: inherit;\">Ein Cookie ist eine Textdatei, die von einem Webseitenserver auf Ihrer Festplatte abgelegt wird. <\/span><span style=\"vertical-align: inherit;\">Cookies k\u00f6nnen nicht verwendet werden, um Programme auszuf\u00fchren oder Viren auf Ihren Computer zu \u00fcbertragen. <\/span><span style=\"vertical-align: inherit;\">Cookies werden Ihnen eindeutig zugeordnet und k\u00f6nnen nur von einem Webserver in der Dom\u00e4ne gelesen werden, die das Cookie an Sie ausgegeben hat.<\/span><\/span><\/p>\n<p><span style=\"vertical-align: inherit;\"><span style=\"vertical-align: inherit;\">Einer der Hauptzwecke von Cookies ist die Bereitstellung einer Komfortfunktion, um Ihnen Zeit zu sparen. <\/span><span style=\"vertical-align: inherit;\">Der Zweck eines Cookies besteht darin, dem Webserver mitzuteilen, dass Sie zu einer bestimmten Seite zur\u00fcckgekehrt sind. <\/span><span style=\"vertical-align: inherit;\">Wenn Sie beispielsweise Vailhorses.com-Seiten personalisieren oder sich bei Vailhorses.com registrieren, hilft ein Cookie Vailhorses.com dabei, Ihre spezifischen Informationen bei sp\u00e4teren Besuchen abzurufen. <\/span><span style=\"vertical-align: inherit;\">Dies vereinfacht die Erfassung Ihrer pers\u00f6nlichen Daten wie Namen, Telefonnummern usw. <\/span><span style=\"vertical-align: inherit;\">Wenn Sie zu Vailhorses.com zur\u00fcckkehren, k\u00f6nnen die zuvor bereitgestellten Informationen abgerufen werden, sodass Sie die von Ihnen angepassten Funktionen von Vailhorses.com problemlos nutzen k\u00f6nnen.<\/span><\/span><\/p>\n<p><span style=\"vertical-align: inherit;\"><span style=\"vertical-align: inherit;\">Sie haben die M\u00f6glichkeit, Cookies zu akzeptieren oder abzulehnen. <\/span><span style=\"vertical-align: inherit;\">Die meisten Webbrowser akzeptieren Cookies automatisch, aber Sie k\u00f6nnen Ihre Browsereinstellungen normalerweise \u00e4ndern, um Cookies abzulehnen, wenn Sie dies bevorzugen. <\/span><span style=\"vertical-align: inherit;\">Wenn Sie Cookies ablehnen, k\u00f6nnen Sie die interaktiven Funktionen der von Ihnen besuchten Dienste oder Websites von Vailhorses.com m\u00f6glicherweise nicht vollst\u00e4ndig nutzen.<\/span><\/span><\/p>\n<p><span style=\"vertical-align: inherit;\"><span style=\"vertical-align: inherit;\">LINKS<\/span><\/span><\/p>\n<p><span style=\"vertical-align: inherit;\"><span style=\"vertical-align: inherit;\">Diese Website enth\u00e4lt Links zu anderen Websites. <\/span><span style=\"vertical-align: inherit;\">Bitte beachten Sie, dass wir nicht f\u00fcr den Inhalt oder die Datenschutzpraktiken dieser anderen Websites verantwortlich sind. <\/span><span style=\"vertical-align: inherit;\">Wir empfehlen unseren Benutzern, dies zu beachten, wenn sie unsere Website verlassen, und die Datenschutzerkl\u00e4rungen aller anderen Websites zu lesen, die personenbezogene Daten sammeln.<\/span><\/span><\/p>\n<p><span style=\"vertical-align: inherit;\"><span style=\"vertical-align: inherit;\">SICHERHEIT IHRER PERS\u00d6NLICHEN DATEN<\/span><\/span><\/p>\n<p><span style=\"vertical-align: inherit;\"><span style=\"vertical-align: inherit;\">Vailhorses.com sch\u00fctzt Ihre pers\u00f6nlichen Daten vor unbefugtem Zugriff, Verwendung oder Offenlegung. <\/span><span style=\"vertical-align: inherit;\">Vailhorses.com verwendet zu diesem Zweck das SSL-Protokoll.<\/span><\/span><\/p>\n<p><span style=\"vertical-align: inherit;\"><span style=\"vertical-align: inherit;\">Wenn personenbezogene Daten an andere Websites \u00fcbertragen werden, werden sie durch die Verwendung von Verschl\u00fcsselungen wie dem Secure Sockets Layer (SSL)-Protokoll gesch\u00fctzt.<\/span><\/span><\/p>\n<p><span style=\"vertical-align: inherit;\"><span style=\"vertical-align: inherit;\">Wir bem\u00fchen uns, angemessene Sicherheitsma\u00dfnahmen zu ergreifen, um Ihre personenbezogenen Daten vor unbefugtem Zugriff oder \u00c4nderungen zu sch\u00fctzen. <\/span><span style=\"vertical-align: inherit;\">Leider kann keine Daten\u00fcbertragung \u00fcber das Internet oder ein drahtloses Netzwerk zu 100 % sicher sein. <\/span><span style=\"vertical-align: inherit;\">Obwohl wir uns bem\u00fchen, Ihre personenbezogenen Daten zu sch\u00fctzen, erkennen Sie daher Folgendes an: (a) Es gibt Sicherheits- und Datenschutzbeschr\u00e4nkungen, die dem Internet innewohnen und au\u00dferhalb unserer Kontrolle liegen; <\/span><span style=\"vertical-align: inherit;\">und (b) Sicherheit, Integrit\u00e4t und Datenschutz aller zwischen Ihnen und uns \u00fcber diese Website ausgetauschten Informationen und Daten k\u00f6nnen nicht garantiert werden.<\/span><\/span><\/p>\n<p><span style=\"vertical-align: inherit;\"><span style=\"vertical-align: inherit;\">RECHT AUF L\u00d6SCHUNG<\/span><\/span><\/p>\n<p><span style=\"vertical-align: inherit;\"><span style=\"vertical-align: inherit;\">Vorbehaltlich bestimmter unten aufgef\u00fchrter Ausnahmen werden wir nach Erhalt einer \u00fcberpr\u00fcfbaren Anfrage von Ihnen:<\/span><\/span><\/p>\n<ul>\n<li><span style=\"vertical-align: inherit;\"><span style=\"vertical-align: inherit;\">Ihre personenbezogenen Daten aus unseren Aufzeichnungen l\u00f6schen; <\/span><span style=\"vertical-align: inherit;\">Und<\/span><\/span><\/li>\n<li><span style=\"vertical-align: inherit;\"><span style=\"vertical-align: inherit;\">Weisen Sie alle Dienstleister an, Ihre personenbezogenen Daten aus ihren Aufzeichnungen zu l\u00f6schen.<\/span><\/span><\/li>\n<\/ul>\n<p><span style=\"vertical-align: inherit;\"><span style=\"vertical-align: inherit;\">Bitte beachten Sie, dass wir Aufforderungen zur L\u00f6schung Ihrer personenbezogenen Daten m\u00f6glicherweise nicht nachkommen k\u00f6nnen, wenn dies erforderlich ist:<\/span><\/span><\/p>\n<ol>\n<li><span style=\"vertical-align: inherit;\"><span style=\"vertical-align: inherit;\">Schlie\u00dfen Sie die Transaktion ab, f\u00fcr die die personenbezogenen Daten erfasst wurden, erf\u00fcllen Sie die Bedingungen einer schriftlichen Garantie oder eines Produktr\u00fcckrufs, der gem\u00e4\u00df den Bundesgesetzen durchgef\u00fchrt wurde, stellen Sie eine Ware oder Dienstleistung bereit, die von Ihnen angefordert oder im Rahmen unserer laufenden Gesch\u00e4ftsbeziehung mit Ihnen vern\u00fcnftigerweise erwartet wurde , oder anderweitig einen Vertrag zwischen Ihnen und uns erf\u00fcllen;<\/span><\/span><\/li>\n<li><span style=\"vertical-align: inherit;\"><span style=\"vertical-align: inherit;\">Sicherheitsvorf\u00e4lle erkennen, vor b\u00f6swilligen, irref\u00fchrenden, betr\u00fcgerischen oder illegalen Aktivit\u00e4ten sch\u00fctzen oder die f\u00fcr diese Aktivit\u00e4ten Verantwortlichen strafrechtlich verfolgen;<\/span><\/span><\/li>\n<li><span style=\"vertical-align: inherit;\"><span style=\"vertical-align: inherit;\">Debuggen, um Fehler zu identifizieren und zu beheben, die die vorhandene beabsichtigte Funktionalit\u00e4t beeintr\u00e4chtigen;<\/span><\/span><\/li>\n<li><span style=\"vertical-align: inherit;\"><span style=\"vertical-align: inherit;\">freie Meinungs\u00e4u\u00dferung aus\u00fcben, das Recht eines anderen Verbrauchers auf freie Meinungs\u00e4u\u00dferung sicherstellen oder ein anderes gesetzlich vorgesehenes Recht aus\u00fcben;<\/span><\/span><\/li>\n<li><span style=\"vertical-align: inherit;\"><span style=\"vertical-align: inherit;\">Einhaltung des kalifornischen Datenschutzgesetzes f\u00fcr elektronische Kommunikation;<\/span><\/span><\/li>\n<li><span style=\"vertical-align: inherit;\"><span style=\"vertical-align: inherit;\">Sich an \u00f6ffentlicher oder von Experten begutachteter wissenschaftlicher, historischer oder statistischer Forschung im \u00f6ffentlichen Interesse zu beteiligen, die alle anderen anwendbaren Ethik- und Datenschutzgesetze einh\u00e4lt, wenn unsere L\u00f6schung der Informationen die Durchf\u00fchrung dieser Forschung wahrscheinlich unm\u00f6glich macht oder ernsthaft beeintr\u00e4chtigt, vorausgesetzt wir haben Ihre informierte Zustimmung erhalten;<\/span><\/span><\/li>\n<li><span style=\"vertical-align: inherit;\"><span style=\"vertical-align: inherit;\">Erm\u00f6glichen Sie ausschlie\u00dflich interne Verwendungen, die Ihren Erwartungen basierend auf Ihrer Beziehung zu uns angemessen entsprechen;<\/span><\/span><\/li>\n<li><span style=\"vertical-align: inherit;\"><span style=\"vertical-align: inherit;\">Einer bestehenden gesetzlichen Verpflichtung nachkommen; <\/span><span style=\"vertical-align: inherit;\">oder<\/span><\/span><\/li>\n<li><span style=\"vertical-align: inherit;\"><span style=\"vertical-align: inherit;\">Verwenden Sie Ihre personenbezogenen Daten ansonsten intern auf rechtm\u00e4\u00dfige Weise, die mit dem Kontext vereinbar ist, in dem Sie die Informationen bereitgestellt haben.<\/span><\/span><\/li>\n<\/ol>\n<p><span style=\"vertical-align: inherit;\"><span style=\"vertical-align: inherit;\">KINDER UNTER DREIZEHN<\/span><\/span><\/p>\n<p><span style=\"vertical-align: inherit;\"><span style=\"vertical-align: inherit;\">Vailhorses.com sammelt wissentlich keine personenbezogenen Daten von Kindern unter dreizehn Jahren. <\/span><span style=\"vertical-align: inherit;\">Wenn Sie unter dreizehn Jahre alt sind, m\u00fcssen Sie Ihre Eltern oder Ihren Vormund um Erlaubnis bitten, diese Website zu nutzen.<\/span><\/span><\/p>\n<p><span style=\"vertical-align: inherit;\"><span style=\"vertical-align: inherit;\">\u00c4NDERUNGEN AN DIESER ERKL\u00c4RUNG<\/span><\/span><\/p>\n<p><span style=\"vertical-align: inherit;\"><span style=\"vertical-align: inherit;\">Vailhorses.com beh\u00e4lt sich das Recht vor, diese Datenschutzrichtlinie von Zeit zu Zeit zu \u00e4ndern. <\/span><span style=\"vertical-align: inherit;\">Wir werden Sie \u00fcber wesentliche \u00c4nderungen in der Art und Weise, wie wir mit personenbezogenen Daten umgehen, benachrichtigen, indem wir eine Mitteilung an die in Ihrem Konto angegebene prim\u00e4re E-Mail-Adresse senden, einen deutlichen Hinweis auf unserer Website platzieren und\/oder Datenschutzinformationen aktualisieren. <\/span><span style=\"vertical-align: inherit;\">Ihre fortgesetzte Nutzung der Website und\/oder verf\u00fcgbaren Dienste nach solchen \u00c4nderungen stellt Folgendes dar: (a) Anerkennung der ge\u00e4nderten Datenschutzrichtlinie; <\/span><span style=\"vertical-align: inherit;\">und (b) Zustimmung, sich an diese Richtlinie zu halten und an sie gebunden zu sein.<\/span><\/span><\/p>\n<p><span style=\"vertical-align: inherit;\"><span style=\"vertical-align: inherit;\">KONTAKTINFORMATIONEN<\/span><\/span><\/p>\n<p><span style=\"vertical-align: inherit;\"><span style=\"vertical-align: inherit;\">Vailhorses.com freut sich \u00fcber Ihre Fragen oder Kommentare zu dieser Datenschutzerkl\u00e4rung. <\/span><span style=\"vertical-align: inherit;\">Wenn Sie glauben, dass Vailhorses.com sich nicht an diese Erkl\u00e4rung gehalten hat, wenden Sie sich bitte an Vailhorses.com \/horsesvail@gmail.com<\/span><\/span><\/p>\n<p>&nbsp;<\/p>\n<p><em><span style=\"vertical-align: inherit;\"><span style=\"vertical-align: inherit;\">G\u00fcltig ab 8. Oktober 2022<\/span><\/span><\/em><\/p>\n<p>&nbsp;<\/p>\n","protected":false},"excerpt":{"rendered":"<p>Datenschutz-Bestimmungen Der Schutz Ihrer privaten Daten ist unsere Priorit\u00e4t. Diese Datenschutzerkl\u00e4rung gilt f\u00fcr Vailhorses.com und regelt die Datenerhebung und -nutzung. Vailhorses.com ist ein Online-Marktplatz f\u00fcr Pferde, S\u00e4ttel, Anh\u00e4nger und andere Pferdeprodukte zum Verkauf. Durch die Nutzung von Vailhorses.com stimmen Sie den in dieser Erkl\u00e4rung beschriebenen Datenpraktiken zu. ERFASSUNG IHRER PERS\u00d6NLICHEN DATEN Bitte denken Sie daran, &hellip;<\/p>\n","protected":false},"author":1,"featured_media":0,"parent":0,"menu_order":0,"comment_status":"closed","ping_status":"open","template":"","meta":{"footnotes":""},"class_list":["post-239","page","type-page","status-publish","hentry"],"yoast_head":"<!-- This site is optimized with the Yoast SEO plugin v25.4 - https:\/\/yoast.com\/wordpress\/plugins\/seo\/ -->\n<title>Datenschutz-Bestimmungen - vailhorses<\/title>\n<meta name=\"description\" content=\"Protecting your private information is our priority. This Statement of Privacy applies to Vailhorses.com and governs data collection and\" \/>\n<meta name=\"robots\" content=\"index, follow, max-snippet:-1, max-image-preview:large, max-video-preview:-1\" \/>\n<link rel=\"canonical\" href=\"https:\/\/vailhorses.com\/de\/privacy-policy\/\" \/>\n<meta property=\"og:locale\" content=\"de_DE\" \/>\n<meta property=\"og:type\" content=\"article\" \/>\n<meta property=\"og:title\" content=\"Datenschutz-Bestimmungen - vailhorses\" \/>\n<meta property=\"og:description\" content=\"Protecting your private information is our priority. This Statement of Privacy applies to Vailhorses.com and governs data collection and\" \/>\n<meta property=\"og:url\" content=\"https:\/\/vailhorses.com\/de\/privacy-policy\/\" \/>\n<meta property=\"og:site_name\" content=\"vailhorses\" \/>\n<meta property=\"article:modified_time\" content=\"2023-03-21T14:32:18+00:00\" \/>\n<meta name=\"twitter:card\" content=\"summary_large_image\" \/>\n<meta name=\"twitter:label1\" content=\"Est. reading time\" \/>\n\t<meta name=\"twitter:data1\" content=\"6 minutes\" \/>\n<script type=\"application\/ld+json\" class=\"yoast-schema-graph\">{\"@context\":\"https:\/\/schema.org\",\"@graph\":[{\"@type\":\"WebPage\",\"@id\":\"https:\/\/vailhorses.com\/de\/privacy-policy\/\",\"url\":\"https:\/\/vailhorses.com\/de\/privacy-policy\/\",\"name\":\"Datenschutz-Bestimmungen - vailhorses\",\"isPartOf\":{\"@id\":\"https:\/\/vailhorses.com\/#website\"},\"datePublished\":\"2023-03-17T07:27:20+00:00\",\"dateModified\":\"2023-03-21T14:32:18+00:00\",\"description\":\"Protecting your private information is our priority. This Statement of Privacy applies to Vailhorses.com and governs data collection and\",\"breadcrumb\":{\"@id\":\"https:\/\/vailhorses.com\/de\/privacy-policy\/#breadcrumb\"},\"inLanguage\":\"de-DE\",\"potentialAction\":[{\"@type\":\"ReadAction\",\"target\":[\"https:\/\/vailhorses.com\/de\/privacy-policy\/\"]}]},{\"@type\":\"BreadcrumbList\",\"@id\":\"https:\/\/vailhorses.com\/de\/privacy-policy\/#breadcrumb\",\"itemListElement\":[{\"@type\":\"ListItem\",\"position\":1,\"name\":\"Home\",\"item\":\"https:\/\/vailhorses.com\/de\/\"},{\"@type\":\"ListItem\",\"position\":2,\"name\":\"Datenschutz-Bestimmungen\"}]},{\"@type\":\"WebSite\",\"@id\":\"https:\/\/vailhorses.com\/#website\",\"url\":\"https:\/\/vailhorses.com\/\",\"name\":\"vailhorses\",\"description\":\"All about horses\",\"potentialAction\":[{\"@type\":\"SearchAction\",\"target\":{\"@type\":\"EntryPoint\",\"urlTemplate\":\"https:\/\/vailhorses.com\/?s={search_term_string}\"},\"query-input\":{\"@type\":\"PropertyValueSpecification\",\"valueRequired\":true,\"valueName\":\"search_term_string\"}}],\"inLanguage\":\"de-DE\"}]}<\/script>\n<!-- \/ Yoast SEO plugin. -->","yoast_head_json":{"title":"Datenschutz-Bestimmungen - vailhorses","description":"Protecting your private information is our priority. This Statement of Privacy applies to Vailhorses.com and governs data collection and","robots":{"index":"index","follow":"follow","max-snippet":"max-snippet:-1","max-image-preview":"max-image-preview:large","max-video-preview":"max-video-preview:-1"},"canonical":"https:\/\/vailhorses.com\/de\/privacy-policy\/","og_locale":"de_DE","og_type":"article","og_title":"Datenschutz-Bestimmungen - vailhorses","og_description":"Protecting your private information is our priority. This Statement of Privacy applies to Vailhorses.com and governs data collection and","og_url":"https:\/\/vailhorses.com\/de\/privacy-policy\/","og_site_name":"vailhorses","article_modified_time":"2023-03-21T14:32:18+00:00","twitter_card":"summary_large_image","twitter_misc":{"Est. reading time":"6 minutes"},"schema":{"@context":"https:\/\/schema.org","@graph":[{"@type":"WebPage","@id":"https:\/\/vailhorses.com\/de\/privacy-policy\/","url":"https:\/\/vailhorses.com\/de\/privacy-policy\/","name":"Datenschutz-Bestimmungen - vailhorses","isPartOf":{"@id":"https:\/\/vailhorses.com\/#website"},"datePublished":"2023-03-17T07:27:20+00:00","dateModified":"2023-03-21T14:32:18+00:00","description":"Protecting your private information is our priority. This Statement of Privacy applies to Vailhorses.com and governs data collection and","breadcrumb":{"@id":"https:\/\/vailhorses.com\/de\/privacy-policy\/#breadcrumb"},"inLanguage":"de-DE","potentialAction":[{"@type":"ReadAction","target":["https:\/\/vailhorses.com\/de\/privacy-policy\/"]}]},{"@type":"BreadcrumbList","@id":"https:\/\/vailhorses.com\/de\/privacy-policy\/#breadcrumb","itemListElement":[{"@type":"ListItem","position":1,"name":"Home","item":"https:\/\/vailhorses.com\/de\/"},{"@type":"ListItem","position":2,"name":"Datenschutz-Bestimmungen"}]},{"@type":"WebSite","@id":"https:\/\/vailhorses.com\/#website","url":"https:\/\/vailhorses.com\/","name":"vailhorses","description":"All about horses","potentialAction":[{"@type":"SearchAction","target":{"@type":"EntryPoint","urlTemplate":"https:\/\/vailhorses.com\/?s={search_term_string}"},"query-input":{"@type":"PropertyValueSpecification","valueRequired":true,"valueName":"search_term_string"}}],"inLanguage":"de-DE"}]}},"_links":{"self":[{"href":"https:\/\/vailhorses.com\/de\/wp-json\/wp\/v2\/pages\/239","targetHints":{"allow":["GET"]}}],"collection":[{"href":"https:\/\/vailhorses.com\/de\/wp-json\/wp\/v2\/pages"}],"about":[{"href":"https:\/\/vailhorses.com\/de\/wp-json\/wp\/v2\/types\/page"}],"author":[{"embeddable":true,"href":"https:\/\/vailhorses.com\/de\/wp-json\/wp\/v2\/users\/1"}],"replies":[{"embeddable":true,"href":"https:\/\/vailhorses.com\/de\/wp-json\/wp\/v2\/comments?post=239"}],"version-history":[{"count":2,"href":"https:\/\/vailhorses.com\/de\/wp-json\/wp\/v2\/pages\/239\/revisions"}],"predecessor-version":[{"id":264,"href":"https:\/\/vailhorses.com\/de\/wp-json\/wp\/v2\/pages\/239\/revisions\/264"}],"wp:attachment":[{"href":"https:\/\/vailhorses.com\/de\/wp-json\/wp\/v2\/media?parent=239"}],"curies":[{"name":"wp","href":"https:\/\/api.w.org\/{rel}","templated":true}]}}